{"id":201,"date":"2022-02-01T11:49:34","date_gmt":"2022-02-01T09:49:34","guid":{"rendered":"https:\/\/www.sunon.cat\/pais-valencia\/?page_id=201"},"modified":"2025-02-18T20:18:15","modified_gmt":"2025-02-18T18:18:15","slug":"nuria-cariad","status":"publish","type":"page","link":"https:\/\/www.sunon.cat\/pais-valencia\/nuria-cariad\/","title":{"rendered":"CARIAD"},"content":{"rendered":"<p>[et_pb_section fb_built=&#8221;1&#8243; disabled_on=&#8221;off|off|off&#8221; admin_label=&#8221;Header&#8221; _builder_version=&#8221;4.16&#8243; _module_preset=&#8221;3a69a58d-0094-41f6-9a32-dfdad04db06c&#8221; background_color=&#8221;#60768e&#8221; custom_margin=&#8221;||||false|false&#8221; global_colors_info=&#8221;{%22gcid-af512a5f-530a-4e80-bfc4-3632d9174c8b%22:%91%93}&#8221;][et_pb_row _builder_version=&#8221;4.16&#8243; _module_preset=&#8221;default&#8221; z_index=&#8221;10&#8243; global_colors_info=&#8221;{}&#8221;][et_pb_column type=&#8221;4_4&#8243; _builder_version=&#8221;4.16&#8243; _module_preset=&#8221;default&#8221; global_colors_info=&#8221;{}&#8221;][et_pb_text admin_label=&#8221;qui es la Nuria cariad?&#8221; _builder_version=&#8221;4.27.4&#8243; _module_preset=&#8221;default&#8221; text_font=&#8221;Montserrat||||||||&#8221; header_font=&#8221;Montserrat|||||on|||&#8221; header_text_color=&#8221;#FFFFFF&#8221; header_font_size=&#8221;68px&#8221; header_line_height=&#8221;1.2em&#8221; header_2_font=&#8221;Montserrat|700|||||||&#8221; header_2_text_color=&#8221;#FFFFFF&#8221; header_2_font_size=&#8221;40px&#8221; header_2_line_height=&#8221;1.4em&#8221; max_width=&#8221;900px&#8221; custom_margin=&#8221;||-20px||false|false&#8221; custom_margin_tablet=&#8221;-10px||-30px||false|false&#8221; custom_margin_phone=&#8221;||-30px||false|false&#8221; custom_margin_last_edited=&#8221;on|phone&#8221; header_font_size_tablet=&#8221;40px&#8221; header_font_size_phone=&#8221;24px&#8221; header_font_size_last_edited=&#8221;on|desktop&#8221; header_2_font_size_tablet=&#8221;40px&#8221; header_2_font_size_phone=&#8221;36px&#8221; header_2_font_size_last_edited=&#8221;on|phone&#8221; header_2_letter_spacing_tablet=&#8221;&#8221; header_2_letter_spacing_phone=&#8221;0px&#8221; header_2_letter_spacing_last_edited=&#8221;on|phone&#8221; header_2_line_height_tablet=&#8221;1.4em&#8221; header_2_line_height_phone=&#8221;1.4em&#8221; header_2_line_height_last_edited=&#8221;on|desktop&#8221; locked=&#8221;off&#8221; global_colors_info=&#8221;{}&#8221;]<\/p>\n<h2>Qui \u00e9s la N\u00faria Cariad?<\/h2>\n<p>[\/et_pb_text][\/et_pb_column][\/et_pb_row][et_pb_row column_structure=&#8221;1_2,1_2&#8243; _builder_version=&#8221;4.16&#8243; _module_preset=&#8221;default&#8221; custom_margin=&#8221;0px||-40px||false|false&#8221; custom_margin_tablet=&#8221;0px||||false|false&#8221; custom_margin_phone=&#8221;0px||||false|false&#8221; custom_margin_last_edited=&#8221;on|desktop&#8221; global_colors_info=&#8221;{}&#8221;][et_pb_column type=&#8221;1_2&#8243; _builder_version=&#8221;4.16&#8243; _module_preset=&#8221;default&#8221; global_colors_info=&#8221;{}&#8221;][et_pb_text _builder_version=&#8221;4.27.4&#8243; _module_preset=&#8221;default&#8221; text_font=&#8221;Montserrat||||||||&#8221; text_text_color=&#8221;#FFFFFF&#8221; link_text_color=&#8221;#1A203C&#8221; global_colors_info=&#8221;{}&#8221;]<\/p>\n<p>Hola, em dic N\u00faria Cariad i soc un personatge de ficci\u00f3 creada inicialment com a pseud\u00f2nim per la l\u00ednia de treball artivista de <span style=\"color: #1a203c;\"><a href=\"https:\/\/www.nuriajant.com\/disseny-per-accessibilitat\/\" target=\"_blank\" rel=\"noopener\">N.V.B.\u00a0<\/a> .<\/span>Posteriorment, se&#8217;m va atribuir hist\u00f2ria pr\u00f2pia, aparen\u00e7a f\u00edsica i personalitat i ara soc tamb\u00e9, un personatge ple de campanyes a les quals acompanyar-vos, i les hist\u00f2ries que he viscut, ja us les anir\u00e9 explicant.<\/p>\n<p class=\"western\" style=\"margin-bottom: 0cm;\">He sigut inventada per una ra\u00f3 molt senzilla: <span style=\"text-decoration: underline;\">l&#8217;eternitat<\/span>. Soc immortal, soc transferible, soc multiplicable, no responc a un espai o a un temps en concret (T.I.M.NO.T.E) sin\u00f3 a una veritat molt b\u00e0sica: que naixem lliures i hem de poder <span style=\"text-decoration: underline;\">viure lliures<\/span>.<\/p>\n<p class=\"western\" style=\"margin-bottom: 0cm;\">Em desenvoluparan mentre siga necess\u00e0ria, ja siga per la meua maker, que \u00e9s una persona real, o b\u00e9 per la seua fam\u00edlia, amics o comunitat. Quan la veritat siga bloquejada, ac\u00ed estic, en l&#8217;espai metaf\u00edsic de les exist\u00e8ncies paral\u00b7leles, el vostre Timnote, un pont m\u00e9s cap als vostres s\u00faper-vosaltres, una ferramenta megal\u00f2mana que pocs patirien en vida real, per\u00f2 que en esta condici\u00f3, fa evident quelcom: sou lliures.<\/p>\n<p class=\"western\" style=\"margin-bottom: 0cm;\">Kurt G\u00f6del, un l\u00f2gic matem\u00e0tic i fil\u00f2sof austr\u00edac de principis del segle XX, va arribar a diverses conclusions amb els seus<i> teoremes de la incompletesa<\/i> en la l\u00f2gica matem\u00e0tica: que hi havia sistemes certs, que no es podien demostrar a trav\u00e9s del mateix sistema i a m\u00e9s, que cap sistema consistent es podia usar per demostrar-se a si mateix. I d&#8217;ac\u00ed isc jo, un personatge fictici, un axioma fals, un mecanisme caminant constru\u00eft sense significat tancat que a trav\u00e9s de la fal\u00b7l\u00e0cia <em>ad hominem<\/em> vol ajudar a evidenciar algunes veritats dif\u00edcils de trobar precisament sobre l&#8217;Hominem: sou LLIURES, i la resta \u00e9s ficci\u00f3, s\u00f3n pel\u00b7l\u00edcules projectades per uns pocs (amb unes imaginacions molt fortes) amb els seus discursos er\u00edstics orientats a bloquejar, guanyar i subjugar.<\/p>\n<p>[\/et_pb_text][\/et_pb_column][et_pb_column type=&#8221;1_2&#8243; _builder_version=&#8221;4.16&#8243; _module_preset=&#8221;default&#8221; global_colors_info=&#8221;{}&#8221;][et_pb_image src=&#8221;https:\/\/www.sunon.cat\/pais-valencia\/wp-content\/uploads\/2022\/02\/cariad.jpg&#8221; title_text=&#8221;cariad&#8221; force_fullwidth=&#8221;on&#8221; _builder_version=&#8221;4.16&#8243; _module_preset=&#8221;default&#8221; global_colors_info=&#8221;{}&#8221;][\/et_pb_image][\/et_pb_column][\/et_pb_row][et_pb_row _builder_version=&#8221;4.16&#8243; _module_preset=&#8221;default&#8221; custom_margin=&#8221;||||false|false&#8221; custom_padding=&#8221;||||false|false&#8221; global_colors_info=&#8221;{}&#8221;][et_pb_column type=&#8221;4_4&#8243; _builder_version=&#8221;4.16&#8243; _module_preset=&#8221;default&#8221; global_colors_info=&#8221;{}&#8221;][et_pb_text _builder_version=&#8221;4.27.4&#8243; _module_preset=&#8221;default&#8221; text_font=&#8221;Montserrat||||||||&#8221; text_text_color=&#8221;#FFFFFF&#8221; link_text_color=&#8221;#1A203C&#8221; hover_enabled=&#8221;0&#8243; global_colors_info=&#8221;{}&#8221; sticky_enabled=&#8221;0&#8243;]<\/p>\n<p class=\"western\" style=\"margin-bottom: 0cm;\">He sigut inventada per tal de fer tot all\u00f2 que els pares i mares de fam\u00edlia no podeu fer, lligats pel xantatge econ\u00f2mic de <em>\u201csi obris la boca vas al carrer\u201d<\/em>. Un pare o mare de fam\u00edlia sense feina, no pot proveir pels seus fills. No \u00e9s coherent deixar als xiquets i xiquetes desprotegits, ni la responsabilitat de confrontar sols i soles els corruptes, els dissenys hist\u00f2rics mal fets, el canvi clim\u00e0tic&#8230; i tampoc deixar els nostres pares, mares i avis sols davant una tecnificaci\u00f3 i burocr\u00e0cia que els aliena a poder-se defensar amb la dignitat que es mereixen. Soc ferramenta per prendre responsabilitat del temps i espai que \u00e9s ara! i ac\u00ed! de forma segura i legal. Des de la ficci\u00f3 eixir\u00e9 a la realitat, confrontant les pressions d&#8217;avar\u00edcies. Soc dissenyadora activista de ficci\u00f3, un agent cultural, dissenyar\u00e9 un futur a on no hi haja esclaus, espentant dintre la legalitat.<\/p>\n<p class=\"western\" style=\"margin-bottom: 0cm;\">Se m&#8217;ha donat una fam\u00edlia, amb la condici\u00f3 que no m&#8217;oblide del balan\u00e7 entre la procreaci\u00f3 i la creaci\u00f3. Q\u00fcestionar\u00e9 des dels forats del Gruy\u00e8re legal en qu\u00e8 vivim i tamb\u00e9 des d&#8217;alguns aspectes culturals t\u00f2xics que podem modificar amb consci\u00e8ncia amb l&#8217;objectiu d&#8217;arribar a una coexist\u00e8ncia moderada i sostenible.<\/p>\n<p class=\"western\" style=\"margin-bottom: 0cm;\">La personalitat que se&#8217;m desitja \u00e9s el <em>sophrosyne<\/em> grec, que en Cicer\u00f3 va definir com a Temperan\u00e7a, Moderaci\u00f3, Mod\u00e8stia i Frugalitat, per considerar que \u00e9s la personalitat m\u00e9s sostenible. La realitat \u00e9s que soc tot el contrari d&#8217;aix\u00f2 i em costar\u00e0 un munt d&#8217;aconseguir. Probablement, no assolir\u00e9 el sophrosyne, i encara m\u00e9s probablement, el maker em tira m\u00e9s d&#8217;una brega. Es fa el que puga, per\u00f2 almenys la voluntat hi \u00e9s&#8230; De totes maneres, els meus defectes i les virtuts que se m&#8217;exigixen no s\u00f3n el que compten, sin\u00f3 que tot aquest esc\u00e0ndol de contradiccions humanes servisquen per quelcom constructiu.<\/p>\n<p class=\"western\" style=\"margin-bottom: 0cm;\">Estar\u00e9 connectada a la natura i la gent, que aix\u00f2 s\u00ed que \u00e9s real, fent servir les ferramentes \u00a0que existixen per tal de materialitzar un m\u00f3n m\u00e9s just i equilibrat. Desitge sobretot, sobretot, que la meva feina siga \u00fatil.<\/p>\n<p>[\/et_pb_text][\/et_pb_column][\/et_pb_row][\/et_pb_section][et_pb_section fb_built=&#8221;1&#8243; disabled_on=&#8221;off|off|off&#8221; admin_label=&#8221;Header&#8221; _builder_version=&#8221;4.16&#8243; _module_preset=&#8221;3a69a58d-0094-41f6-9a32-dfdad04db06c&#8221; background_color=&#8221;#FFFFFF&#8221; custom_margin=&#8221;||||false|false&#8221; global_colors_info=&#8221;{%22gcid-af512a5f-530a-4e80-bfc4-3632d9174c8b%22:%91%93}&#8221;][et_pb_row _builder_version=&#8221;4.16&#8243; _module_preset=&#8221;default&#8221; z_index=&#8221;10&#8243; global_colors_info=&#8221;{}&#8221;][et_pb_column type=&#8221;4_4&#8243; _builder_version=&#8221;4.16&#8243; _module_preset=&#8221;default&#8221; global_colors_info=&#8221;{}&#8221;][et_pb_text admin_label=&#8221;EL 1ER ESBO\u00c7&#8221; _builder_version=&#8221;4.16&#8243; _module_preset=&#8221;default&#8221; text_font=&#8221;Montserrat||||||||&#8221; header_font=&#8221;Montserrat|||||on|||&#8221; header_text_color=&#8221;#1A203C&#8221; header_font_size=&#8221;68px&#8221; header_line_height=&#8221;1.2em&#8221; header_2_font=&#8221;Montserrat|700||||on|||&#8221; header_2_text_color=&#8221;#0194A8&#8243; header_2_font_size=&#8221;40px&#8221; header_2_line_height=&#8221;1.4em&#8221; max_width=&#8221;900px&#8221; custom_margin=&#8221;||-20px||false|false&#8221; custom_margin_tablet=&#8221;-10px||-30px||false|false&#8221; custom_margin_phone=&#8221;||-30px||false|false&#8221; custom_margin_last_edited=&#8221;on|phone&#8221; header_font_size_tablet=&#8221;40px&#8221; header_font_size_phone=&#8221;24px&#8221; header_font_size_last_edited=&#8221;on|desktop&#8221; header_2_font_size_tablet=&#8221;40px&#8221; header_2_font_size_phone=&#8221;36px&#8221; header_2_font_size_last_edited=&#8221;on|phone&#8221; header_2_letter_spacing_tablet=&#8221;&#8221; header_2_letter_spacing_phone=&#8221;0px&#8221; header_2_letter_spacing_last_edited=&#8221;on|phone&#8221; header_2_line_height_tablet=&#8221;1.4em&#8221; header_2_line_height_phone=&#8221;1.4em&#8221; header_2_line_height_last_edited=&#8221;on|desktop&#8221; locked=&#8221;off&#8221; global_colors_info=&#8221;{}&#8221;]<\/p>\n<h2>Comencem a dissenyar el canvi del paissatge urb\u00e0&#8230;<\/h2>\n<p>[\/et_pb_text][\/et_pb_column][\/et_pb_row][et_pb_row column_structure=&#8221;1_2,1_2&#8243; _builder_version=&#8221;4.16&#8243; _module_preset=&#8221;default&#8221; custom_margin=&#8221;0px||-40px||false|false&#8221; custom_margin_tablet=&#8221;0px||||false|false&#8221; custom_margin_phone=&#8221;0px||||false|false&#8221; custom_margin_last_edited=&#8221;on|desktop&#8221; global_colors_info=&#8221;{}&#8221;][et_pb_column type=&#8221;1_2&#8243; _builder_version=&#8221;4.16&#8243; _module_preset=&#8221;default&#8221; global_colors_info=&#8221;{}&#8221;][et_pb_image src=&#8221;https:\/\/www.sunon.cat\/pais-valencia\/wp-content\/uploads\/2022\/03\/edifici.png&#8221; title_text=&#8221;edifici&#8221; force_fullwidth=&#8221;on&#8221; _builder_version=&#8221;4.16&#8243; _module_preset=&#8221;default&#8221; border_color_all=&#8221;RGBA(255,255,255,0)&#8221; border_style_all=&#8221;none&#8221; global_colors_info=&#8221;{}&#8221;][\/et_pb_image][\/et_pb_column][et_pb_column type=&#8221;1_2&#8243; _builder_version=&#8221;4.16&#8243; _module_preset=&#8221;default&#8221; global_colors_info=&#8221;{}&#8221;][et_pb_image src=&#8221;https:\/\/www.sunon.cat\/pais-valencia\/wp-content\/uploads\/2022\/03\/finestres.png&#8221; title_text=&#8221;finestres&#8221; _builder_version=&#8221;4.16&#8243; _module_preset=&#8221;default&#8221; global_colors_info=&#8221;{}&#8221;][\/et_pb_image][et_pb_image src=&#8221;https:\/\/www.sunon.cat\/pais-valencia\/wp-content\/uploads\/2022\/03\/font.png&#8221; title_text=&#8221;font&#8221; _builder_version=&#8221;4.16&#8243; _module_preset=&#8221;default&#8221; global_colors_info=&#8221;{}&#8221;][\/et_pb_image][et_pb_text _builder_version=&#8221;4.16&#8243; _module_preset=&#8221;default&#8221; text_text_color=&#8221;#0194A8&#8243; global_colors_info=&#8221;{}&#8221;]<\/p>\n<p>DIA 1: 18 de mar\u00e7 del 2022<\/p>\n<p>[\/et_pb_text][\/et_pb_column][\/et_pb_row][\/et_pb_section]<\/p>\n","protected":false},"excerpt":{"rendered":"<p>Qui \u00e9s la N\u00faria Cariad?Hola, em dic N\u00faria Cariad i soc un personatge de ficci\u00f3 creada inicialment com a pseud\u00f2nim per la l\u00ednia de treball artivista de N.V.B.\u00a0 .Posteriorment, se&#8217;m va atribuir hist\u00f2ria pr\u00f2pia, aparen\u00e7a f\u00edsica i personalitat i ara soc tamb\u00e9, un personatge ple de campanyes a les quals acompanyar-vos, i les hist\u00f2ries que [&hellip;]<\/p>\n","protected":false},"author":1,"featured_media":0,"parent":0,"menu_order":5,"comment_status":"closed","ping_status":"closed","template":"","meta":{"_acf_changed":false,"_et_pb_use_builder":"on","_et_pb_old_content":"","_et_gb_content_width":"","footnotes":""},"class_list":["post-201","page","type-page","status-publish","hentry"],"acf":[],"_links":{"self":[{"href":"https:\/\/www.sunon.cat\/pais-valencia\/wp-json\/wp\/v2\/pages\/201","targetHints":{"allow":["GET"]}}],"collection":[{"href":"https:\/\/www.sunon.cat\/pais-valencia\/wp-json\/wp\/v2\/pages"}],"about":[{"href":"https:\/\/www.sunon.cat\/pais-valencia\/wp-json\/wp\/v2\/types\/page"}],"author":[{"embeddable":true,"href":"https:\/\/www.sunon.cat\/pais-valencia\/wp-json\/wp\/v2\/users\/1"}],"replies":[{"embeddable":true,"href":"https:\/\/www.sunon.cat\/pais-valencia\/wp-json\/wp\/v2\/comments?post=201"}],"version-history":[{"count":10,"href":"https:\/\/www.sunon.cat\/pais-valencia\/wp-json\/wp\/v2\/pages\/201\/revisions"}],"predecessor-version":[{"id":18636,"href":"https:\/\/www.sunon.cat\/pais-valencia\/wp-json\/wp\/v2\/pages\/201\/revisions\/18636"}],"wp:attachment":[{"href":"https:\/\/www.sunon.cat\/pais-valencia\/wp-json\/wp\/v2\/media?parent=201"}],"curies":[{"name":"wp","href":"https:\/\/api.w.org\/{rel}","templated":true}]}}