{"id":1718,"date":"2022-02-01T23:11:14","date_gmt":"2022-02-01T21:11:14","guid":{"rendered":"https:\/\/www.sunon.cat\/pais-valencia\/?page_id=1718"},"modified":"2025-02-18T20:40:57","modified_gmt":"2025-02-18T18:40:57","slug":"les-probabilitats","status":"publish","type":"page","link":"https:\/\/www.sunon.cat\/pais-valencia\/les-probabilitats\/","title":{"rendered":"PROBABILITATS"},"content":{"rendered":"<p>[et_pb_section fb_built=&#8221;1&#8243; custom_padding_last_edited=&#8221;on|phone&#8221; disabled_on=&#8221;off|off|off&#8221; admin_label=&#8221;Motius&#8221; _builder_version=&#8221;4.16&#8243; _module_preset=&#8221;default&#8221; background_color=&#8221;#0194A8&#8243; background_enable_image=&#8221;off&#8221; background_size=&#8221;contain&#8221; positioning=&#8221;none&#8221; overflow-x=&#8221;visible&#8221; custom_padding=&#8221;80px||80px||false|false&#8221; custom_padding_tablet=&#8221;||90px||false|false&#8221; custom_padding_phone=&#8221;||70px||false|false&#8221; top_divider_color=&#8221;#0194A8&#8243; collapsed=&#8221;off&#8221; global_colors_info=&#8221;{}&#8221;][et_pb_row column_structure=&#8221;1_2,1_2&#8243; make_equal=&#8221;on&#8221; _builder_version=&#8221;4.16&#8243; _module_preset=&#8221;default&#8221; custom_margin=&#8221;-20px||-100px||false|false&#8221; custom_margin_tablet=&#8221;||-100px||false|false&#8221; custom_margin_phone=&#8221;-40px||||false|false&#8221; custom_margin_last_edited=&#8221;on|phone&#8221; collapsed=&#8221;off&#8221; global_colors_info=&#8221;{}&#8221;][et_pb_column type=&#8221;1_2&#8243; _builder_version=&#8221;4.16&#8243; _module_preset=&#8221;default&#8221; global_colors_info=&#8221;{}&#8221;][et_pb_cta title=&#8221;LA TEUA VEU EN EL TEU MUNICIPI&#8221; admin_label=&#8221;CTA-Accessibilitat idea&#8221; _builder_version=&#8221;4.27.4&#8243; _module_preset=&#8221;default&#8221; header_font=&#8221;Montserrat||||||||&#8221; header_text_align=&#8221;left&#8221; header_font_size=&#8221;56px&#8221; header_line_height=&#8221;1.4em&#8221; background_enable_color=&#8221;off&#8221; transform_translate=&#8221;-37px|-65px&#8221; custom_margin=&#8221;||-100px||false|false&#8221; header_font_size_tablet=&#8221;46px&#8221; header_font_size_phone=&#8221;26px&#8221; header_font_size_last_edited=&#8221;on|phone&#8221; body_font_size_tablet=&#8221;&#8221; body_font_size_phone=&#8221;16px&#8221; body_font_size_last_edited=&#8221;on|phone&#8221; global_colors_info=&#8221;{}&#8221;][\/et_pb_cta][\/et_pb_column][et_pb_column type=&#8221;1_2&#8243; _builder_version=&#8221;4.16&#8243; _module_preset=&#8221;default&#8221; custom_padding=&#8221;50px||||false|false&#8221; global_colors_info=&#8221;{}&#8221;][et_pb_text admin_label=&#8221;Text Intro&#8221; _builder_version=&#8221;4.27.4&#8243; _module_preset=&#8221;da86b6f0-f83c-4c7c-bdd8-3019777ddffe&#8221; text_font=&#8221;Montserrat||||||||&#8221; text_text_color=&#8221;#FFFFFF&#8221; text_font_size=&#8221;18px&#8221; text_line_height=&#8221;1.6em&#8221; background_color=&#8221;RGBA(0,0,0,0)&#8221; transform_translate=&#8221;4px|-60px&#8221; module_alignment=&#8221;center&#8221; custom_margin=&#8221;0px||||false|false&#8221; custom_margin_tablet=&#8221;-20px||||false|false&#8221; custom_margin_phone=&#8221;-20px||||false|false&#8221; custom_margin_last_edited=&#8221;on|phone&#8221; text_font_size_tablet=&#8221;15px&#8221; text_font_size_phone=&#8221;14px&#8221; text_font_size_last_edited=&#8221;on|desktop&#8221; locked=&#8221;off&#8221; global_colors_info=&#8221;{}&#8221;]<\/p>\n<p>Hi ha 542 municipis al Pa\u00eds Valenci\u00e0, alguns amb molta densitat de poblaci\u00f3, altres amb menys. Les persones empadronades tenen veu a l&#8217;hora de votar els seus Ajuntaments, per\u00f2 el valor i impacte d&#8217;aquesta veu no \u00e9s el mateix en poblacions molt denses que en poblacions menys denses. Tamb\u00e9 cal afegir com a variant no mesurable a dies de hui, les ganes que un Ajuntament tinga de servir als seus ciutadans. Aix\u00ed doncs,<strong> quin valor t\u00e9 la teua Veu al teu Municipi?<\/strong><\/p>\n<p>[\/et_pb_text][\/et_pb_column][\/et_pb_row][\/et_pb_section][et_pb_section fb_built=&#8221;1&#8243; _builder_version=&#8221;4.16&#8243; _module_preset=&#8221;default&#8221; collapsed=&#8221;on&#8221; global_colors_info=&#8221;{}&#8221;][et_pb_row use_custom_gutter=&#8221;on&#8221; gutter_width=&#8221;2&#8243; _builder_version=&#8221;4.16&#8243; _module_preset=&#8221;default&#8221; custom_margin=&#8221;-20px|40px||120px|false|false&#8221; custom_margin_tablet=&#8221;-20px||||false|false&#8221; custom_margin_phone=&#8221;-20px||||false|false&#8221; custom_margin_last_edited=&#8221;on|phone&#8221; custom_padding=&#8221;|||0px||&#8221; collapsed=&#8221;on&#8221; global_colors_info=&#8221;{}&#8221;][et_pb_column type=&#8221;4_4&#8243; _builder_version=&#8221;4.16&#8243; _module_preset=&#8221;default&#8221; global_colors_info=&#8221;{}&#8221;][et_pb_text _builder_version=&#8221;4.27.4&#8243; _module_preset=&#8221;default&#8221; header_font=&#8221;Montserrat|700|||||||&#8221; header_text_color=&#8221;#FFDD85&#8243; global_colors_info=&#8221;{}&#8221;]<\/p>\n<h1>LOTERIA<\/h1>\n<p>[\/et_pb_text][\/et_pb_column][\/et_pb_row][et_pb_row column_structure=&#8221;1_2,1_2&#8243; _builder_version=&#8221;4.16&#8243; _module_preset=&#8221;default&#8221; border_color_all=&#8221;#0194A8&#8243; border_width_bottom=&#8221;1px&#8221; collapsed=&#8221;on&#8221; global_colors_info=&#8221;{}&#8221;][et_pb_column type=&#8221;1_2&#8243; _builder_version=&#8221;4.16&#8243; _module_preset=&#8221;default&#8221; global_colors_info=&#8221;{}&#8221;][et_pb_circle_counter title=&#8221;POSSIBILITAT QUE ET TOC LA LOTERIA ORDIN\u00c0RIA: 1 DE CADA 100.000&#8243; number=&#8221;0.1&#8243; bar_bg_color=&#8221;#4A55A2&#8243; _builder_version=&#8221;4.27.4&#8243; _module_preset=&#8221;default&#8221; title_font=&#8221;Montserrat||||||||&#8221; title_text_color=&#8221;#1A203C&#8221; global_colors_info=&#8221;{}&#8221;][\/et_pb_circle_counter][\/et_pb_column][et_pb_column type=&#8221;1_2&#8243; _builder_version=&#8221;4.16&#8243; _module_preset=&#8221;default&#8221; global_colors_info=&#8221;{}&#8221;][et_pb_circle_counter title=&#8221;POSSIBILITAT QUE ET TOC LA LOTERIA DE NADAL: 1 DE CADA 85.000&#8243; number=&#8221;0.117&#8243; bar_bg_color=&#8221;#4A55A2&#8243; _builder_version=&#8221;4.27.4&#8243; _module_preset=&#8221;default&#8221; title_font=&#8221;Montserrat||||||||&#8221; title_text_color=&#8221;#1A203C&#8221; global_colors_info=&#8221;{}&#8221;][\/et_pb_circle_counter][\/et_pb_column][\/et_pb_row][et_pb_row column_structure=&#8221;1_3,1_3,1_3&#8243; _builder_version=&#8221;4.16&#8243; _module_preset=&#8221;default&#8221; custom_padding=&#8221;70px||||false|false&#8221; collapsed=&#8221;on&#8221; global_colors_info=&#8221;{}&#8221;][et_pb_column type=&#8221;1_3&#8243; _builder_version=&#8221;4.16&#8243; _module_preset=&#8221;default&#8221; custom_padding=&#8221;|20px||20px|false|false&#8221; custom_padding_tablet=&#8221;|0px||0px|false|false&#8221; custom_padding_phone=&#8221;|0px||0px|false|false&#8221; custom_padding_last_edited=&#8221;on|phone&#8221; global_colors_info=&#8221;{}&#8221;][et_pb_button button_url=&#8221;https:\/\/www.sunon.cat\/pais-valencia\/les-probabilitats\/alacant\/&#8221; url_new_window=&#8221;on&#8221; button_text=&#8221;ALACANT&#8221; _builder_version=&#8221;4.27.4&#8243; _module_preset=&#8221;default&#8221; custom_button=&#8221;on&#8221; button_text_color=&#8221;#FFFFFF&#8221; button_bg_color=&#8221;#60768E&#8221; button_border_width=&#8221;2px&#8221; button_border_color=&#8221;#FFFFFF&#8221; button_border_radius=&#8221;50px&#8221; button_letter_spacing=&#8221;2px&#8221; button_font=&#8221;Montserrat||||||||&#8221; button_use_icon=&#8221;off&#8221; global_colors_info=&#8221;{}&#8221;][\/et_pb_button][\/et_pb_column][et_pb_column type=&#8221;1_3&#8243; _builder_version=&#8221;4.16&#8243; _module_preset=&#8221;default&#8221; custom_padding=&#8221;|10px||40px|false|false&#8221; custom_padding_tablet=&#8221;|0px||0px|false|false&#8221; custom_padding_phone=&#8221;|0px||0px|false|false&#8221; custom_padding_last_edited=&#8221;on|phone&#8221; global_colors_info=&#8221;{}&#8221;][et_pb_button button_url=&#8221;https:\/\/www.sunon.cat\/pais-valencia\/les-probabilitats\/castello\/&#8221; url_new_window=&#8221;on&#8221; button_text=&#8221;CASTELL\u00d3&#8221; _builder_version=&#8221;4.27.4&#8243; _module_preset=&#8221;default&#8221; custom_button=&#8221;on&#8221; button_text_color=&#8221;#FFFFFF&#8221; button_bg_color=&#8221;#60768E&#8221; button_border_width=&#8221;2px&#8221; button_border_color=&#8221;#FFFFFF&#8221; button_border_radius=&#8221;50px&#8221; button_letter_spacing=&#8221;2px&#8221; button_font=&#8221;Montserrat||||||||&#8221; button_use_icon=&#8221;off&#8221; global_colors_info=&#8221;{}&#8221;][\/et_pb_button][\/et_pb_column][et_pb_column type=&#8221;1_3&#8243; _builder_version=&#8221;4.16&#8243; _module_preset=&#8221;default&#8221; custom_padding=&#8221;|0px||20px|false|false&#8221; custom_padding_tablet=&#8221;|0px||0px|false|false&#8221; custom_padding_phone=&#8221;|0px||0px|false|false&#8221; custom_padding_last_edited=&#8221;on|phone&#8221; global_colors_info=&#8221;{}&#8221;][et_pb_button button_url=&#8221;https:\/\/www.sunon.cat\/pais-valencia\/les-probabilitats\/valencia\/&#8221; url_new_window=&#8221;on&#8221; button_text=&#8221;VAL\u00c8NCIA&#8221; _builder_version=&#8221;4.27.4&#8243; _module_preset=&#8221;default&#8221; custom_button=&#8221;on&#8221; button_text_color=&#8221;#FFFFFF&#8221; button_bg_color=&#8221;#60768E&#8221; button_border_width=&#8221;2px&#8221; button_border_color=&#8221;#FFFFFF&#8221; button_border_radius=&#8221;50px&#8221; button_letter_spacing=&#8221;2px&#8221; button_font=&#8221;Montserrat||||||||&#8221; button_use_icon=&#8221;off&#8221; global_colors_info=&#8221;{}&#8221;][\/et_pb_button][\/et_pb_column][\/et_pb_row][\/et_pb_section][et_pb_section fb_built=&#8221;1&#8243; prev_background_color=&#8221;#ffffff&#8221; _builder_version=&#8221;4.16&#8243; _module_preset=&#8221;default&#8221; background_color=&#8221;RGBA(255,255,255,0)&#8221; use_background_color_gradient=&#8221;on&#8221; background_color_gradient_direction=&#8221;181deg&#8221; background_color_gradient_stops=&#8221;rgba(10,1,0,0.82) 26%|#ffffff 100%&#8221; background_color_gradient_start=&#8221;rgba(10,1,0,0.82)&#8221; background_color_gradient_start_position=&#8221;26%&#8221; background_color_gradient_end=&#8221;#ffffff&#8221; background_image=&#8221;https:\/\/www.sunon.cat\/pais-valencia\/wp-content\/uploads\/2022\/02\/nathan-dumlao-ewGMqs2tmJI-unsplash-1-scaled-1.jpg&#8221; background_blend=&#8221;overlay&#8221; top_divider_style=&#8221;arrow3&#8243; top_divider_height=&#8221;194px&#8221; collapsed=&#8221;off&#8221; global_colors_info=&#8221;{}&#8221;][et_pb_row custom_padding_last_edited=&#8221;on|phone&#8221; admin_label=&#8221;Peu participa&#8221; _builder_version=&#8221;4.16&#8243; _module_preset=&#8221;default&#8221; background_color=&#8221;RGBA(255,255,255,0)&#8221; background_color_gradient_direction=&#8221;177deg&#8221; background_color_gradient_start=&#8221;#000000&#8243; background_color_gradient_end=&#8221;#ffffff&#8221; background_enable_image=&#8221;off&#8221; transform_translate=&#8221;7px|76px&#8221; width=&#8221;100%&#8221; min_height=&#8221;400px&#8221; custom_margin=&#8221;||||false|false&#8221; custom_padding=&#8221;||80px||false|false&#8221; custom_padding_tablet=&#8221;||80px||false|false&#8221; custom_padding_phone=&#8221;||80px||false|false&#8221; collapsed=&#8221;off&#8221; global_colors_info=&#8221;{}&#8221;][et_pb_column type=&#8221;4_4&#8243; _builder_version=&#8221;4.16&#8243; _module_preset=&#8221;default&#8221; global_colors_info=&#8221;{}&#8221;][et_pb_text _builder_version=&#8221;4.27.4&#8243; _module_preset=&#8221;default&#8221; text_font=&#8221;||||||||&#8221; text_text_color=&#8221;#1A203C&#8221; header_3_font=&#8221;Montserrat|700|||||||&#8221; header_3_text_color=&#8221;#FFFFFF&#8221; header_3_font_size=&#8221;48px&#8221; header_3_line_height=&#8221;1.4em&#8221; header_4_font=&#8221;Montserrat|600|||||||&#8221; header_4_text_color=&#8221;#FFFFFF&#8221; header_4_font_size=&#8221;36px&#8221; header_4_line_height=&#8221;1.4em&#8221; header_5_font=&#8221;Montserrat|500|||||||&#8221; header_5_font_size=&#8221;14px&#8221; header_5_line_height=&#8221;1.4em&#8221; text_orientation=&#8221;center&#8221; custom_margin=&#8221;30px||80px||false|false&#8221; custom_padding=&#8221;|50px||50px|false|false&#8221; global_colors_info=&#8221;{}&#8221;]<\/p>\n<h4>Des del camp de Disseny de Futurs iniciem un di\u00e0leg entre el Nostre Present i el Futur que Volem.<\/h4>\n<p>[\/et_pb_text][et_pb_button button_url=&#8221;https:\/\/www.sunon.cat\/pais-valencia\/participacio\/&#8221; button_text=&#8221;PARTICIPA&#8221; button_alignment=&#8221;center&#8221; admin_label=&#8221;Boto-Participa&#8221; _builder_version=&#8221;4.27.4&#8243; _module_preset=&#8221;4449fc3b-b2e1-457d-bd50-c55d5be30f46&#8243; custom_button=&#8221;on&#8221; button_text_size=&#8221;14px&#8221; button_text_color=&#8221;#FFFFFF&#8221; button_bg_color=&#8221;#0194A8&#8243; button_border_width=&#8221;0.1px&#8221; button_border_color=&#8221;#FFFFFF&#8221; button_border_radius=&#8221;50px&#8221; button_letter_spacing=&#8221;2px&#8221; button_font=&#8221;Montserrat|700|||||||&#8221; button_use_icon=&#8221;off&#8221; transform_translate_linked=&#8221;off&#8221; custom_margin=&#8221;||||false|false&#8221; custom_padding=&#8221;16px|40px|16px|40px|true|true&#8221; hover_enabled=&#8221;0&#8243; saved_tabs=&#8221;all&#8221; global_colors_info=&#8221;{}&#8221; sticky_enabled=&#8221;0&#8243;][\/et_pb_button][\/et_pb_column][\/et_pb_row][\/et_pb_section]<\/p>\n","protected":false},"excerpt":{"rendered":"<p>Hi ha 542 municipis al Pa\u00eds Valenci\u00e0, alguns amb molta densitat de poblaci\u00f3, altres amb menys. Les persones empadronades tenen veu a l&#8217;hora de votar els seus Ajuntaments, per\u00f2 el valor i impacte d&#8217;aquesta veu no \u00e9s el mateix en poblacions molt denses que en poblacions menys denses. Tamb\u00e9 cal afegir com a variant no [&hellip;]<\/p>\n","protected":false},"author":1,"featured_media":0,"parent":0,"menu_order":4,"comment_status":"closed","ping_status":"closed","template":"","meta":{"_acf_changed":false,"_et_pb_use_builder":"on","_et_pb_old_content":"","_et_gb_content_width":"","footnotes":""},"class_list":["post-1718","page","type-page","status-publish","hentry"],"acf":[],"_links":{"self":[{"href":"https:\/\/www.sunon.cat\/pais-valencia\/wp-json\/wp\/v2\/pages\/1718","targetHints":{"allow":["GET"]}}],"collection":[{"href":"https:\/\/www.sunon.cat\/pais-valencia\/wp-json\/wp\/v2\/pages"}],"about":[{"href":"https:\/\/www.sunon.cat\/pais-valencia\/wp-json\/wp\/v2\/types\/page"}],"author":[{"embeddable":true,"href":"https:\/\/www.sunon.cat\/pais-valencia\/wp-json\/wp\/v2\/users\/1"}],"replies":[{"embeddable":true,"href":"https:\/\/www.sunon.cat\/pais-valencia\/wp-json\/wp\/v2\/comments?post=1718"}],"version-history":[{"count":10,"href":"https:\/\/www.sunon.cat\/pais-valencia\/wp-json\/wp\/v2\/pages\/1718\/revisions"}],"predecessor-version":[{"id":18645,"href":"https:\/\/www.sunon.cat\/pais-valencia\/wp-json\/wp\/v2\/pages\/1718\/revisions\/18645"}],"wp:attachment":[{"href":"https:\/\/www.sunon.cat\/pais-valencia\/wp-json\/wp\/v2\/media?parent=1718"}],"curies":[{"name":"wp","href":"https:\/\/api.w.org\/{rel}","templated":true}]}}