{"id":3097,"date":"2022-02-01T11:49:34","date_gmt":"2022-02-01T09:49:34","guid":{"rendered":"https:\/\/www.sunon.cat\/pais-valencia\/?page_id=3097"},"modified":"2025-02-17T22:19:14","modified_gmt":"2025-02-17T20:19:14","slug":"cariad","status":"publish","type":"page","link":"https:\/\/www.sunon.cat\/pais-valencia\/en\/cariad\/","title":{"rendered":"CARIAD"},"content":{"rendered":"<p>[et_pb_section fb_built=&#8221;1&#8243; disabled_on=&#8221;off|off|off&#8221; admin_label=&#8221;Header&#8221; _builder_version=&#8221;4.16&#8243; _module_preset=&#8221;3a69a58d-0094-41f6-9a32-dfdad04db06c&#8221; background_color=&#8221;#60768e&#8221; custom_margin=&#8221;||||false|false&#8221; global_colors_info=&#8221;{%22gcid-af512a5f-530a-4e80-bfc4-3632d9174c8b%22:%91%93}&#8221;][et_pb_row _builder_version=&#8221;4.16&#8243; _module_preset=&#8221;default&#8221; z_index=&#8221;10&#8243; global_colors_info=&#8221;{}&#8221;][et_pb_column type=&#8221;4_4&#8243; _builder_version=&#8221;4.16&#8243; _module_preset=&#8221;default&#8221; global_colors_info=&#8221;{}&#8221;][et_pb_text admin_label=&#8221;Who is Nuria Cariad&#8221; _builder_version=&#8221;4.27.4&#8243; _module_preset=&#8221;default&#8221; text_font=&#8221;Montserrat||||||||&#8221; header_font=&#8221;Montserrat|||||on|||&#8221; header_text_color=&#8221;#FFFFFF&#8221; header_font_size=&#8221;68px&#8221; header_line_height=&#8221;1.2em&#8221; header_2_font=&#8221;Montserrat|700|||||||&#8221; header_2_text_color=&#8221;#FFFFFF&#8221; header_2_font_size=&#8221;40px&#8221; header_2_line_height=&#8221;1.4em&#8221; max_width=&#8221;900px&#8221; custom_margin=&#8221;||-20px||false|false&#8221; custom_margin_tablet=&#8221;-10px||-30px||false|false&#8221; custom_margin_phone=&#8221;||-30px||false|false&#8221; custom_margin_last_edited=&#8221;on|phone&#8221; header_font_size_tablet=&#8221;40px&#8221; header_font_size_phone=&#8221;24px&#8221; header_font_size_last_edited=&#8221;on|desktop&#8221; header_2_font_size_tablet=&#8221;40px&#8221; header_2_font_size_phone=&#8221;36px&#8221; header_2_font_size_last_edited=&#8221;on|phone&#8221; header_2_letter_spacing_tablet=&#8221;&#8221; header_2_letter_spacing_phone=&#8221;0px&#8221; header_2_letter_spacing_last_edited=&#8221;on|phone&#8221; header_2_line_height_tablet=&#8221;1.4em&#8221; header_2_line_height_phone=&#8221;1.4em&#8221; header_2_line_height_last_edited=&#8221;on|desktop&#8221; locked=&#8221;off&#8221; global_colors_info=&#8221;{}&#8221;]<\/p>\n<h2>Who is Nuria Cariad?<\/h2>\n<p>[\/et_pb_text][\/et_pb_column][\/et_pb_row][et_pb_row column_structure=&#8221;1_2,1_2&#8243; _builder_version=&#8221;4.16&#8243; _module_preset=&#8221;default&#8221; custom_margin=&#8221;0px||-40px||false|false&#8221; custom_margin_tablet=&#8221;0px||||false|false&#8221; custom_margin_phone=&#8221;0px||||false|false&#8221; custom_margin_last_edited=&#8221;on|desktop&#8221; global_colors_info=&#8221;{}&#8221;][et_pb_column type=&#8221;1_2&#8243; _builder_version=&#8221;4.16&#8243; _module_preset=&#8221;default&#8221; global_colors_info=&#8221;{}&#8221;][et_pb_text _builder_version=&#8221;4.27.4&#8243; _module_preset=&#8221;default&#8221; text_font=&#8221;Montserrat||||||||&#8221; text_text_color=&#8221;#FFFFFF&#8221; link_text_color=&#8221;#1A203C&#8221; hover_enabled=&#8221;0&#8243; global_colors_info=&#8221;{}&#8221; sticky_enabled=&#8221;0&#8243;]<\/p>\n<p class=\"western\">Hello, my name is Nuria Cariad, and I am a fictional character invented initially as a pen name for the artivist line of work of <a href=\"https:\/\/www.nuriajant.com\/disseny-per-accessibilitat\/\" target=\"_blank\" rel=\"noopener\">N.V.B. <\/a>. Later on, I was given my own backstory, looks and personality, and now I am as well a character full of campaigns to accompany you, and the stories I have lived, I will be explaining them to you as the time goes.<\/p>\n<p class=\"western\">I have been invented because of a simple reason: Eternity. I am immortal, I am transferable, I am replicable, I do not respond to a specific time or space (T.I.M.NO.T.E in Catalan, my original language), however I do respond to a very basic truth: that we are born free, and we should be able to <span style=\"text-decoration: underline;\">live free<\/span>.<\/p>\n<p class=\"western\">I will be developed while I am necessary, either by my maker, who is a real person, or the family, friends or community. When the truth becomes blocked, here I am, in the metaphysical space of the parallel existences. I am your Timnote, another bridge towards your super-you, a megalomaniac device that few would be able to withstand in real life but that, in this condition, makes something obvious: you are free.<\/p>\n<p class=\"western\">The Austrian logic mathematician and philosopher Kurt G\u00f6del from the beginning of the 20th century, arrived to a conclusion with his <em>Incompleteness Theorems<\/em> in the field of mathematical logic: there are true systems that cannot be demonstrated through its own system and furthermore, that no consistent system can use it-self to demonstrate it-self. Here is where I come from, a fictional character, a false axiom, a walking mechanism built without a closed meaning. Through the <em>fallacy ad hominem<\/em>, I want to help to make evident some truths that are difficult to find, precisely about THE Hominem: you are FREE. All the rest is fiction. They are films projected by a few (with strong imaginations) through their eristic discourses focused on blocking, winning and subjugating.<\/p>\n<p>[\/et_pb_text][\/et_pb_column][et_pb_column type=&#8221;1_2&#8243; _builder_version=&#8221;4.16&#8243; _module_preset=&#8221;default&#8221; global_colors_info=&#8221;{}&#8221;][et_pb_image src=&#8221;https:\/\/www.sunon.cat\/pais-valencia\/wp-content\/uploads\/2022\/02\/cariad.jpg&#8221; title_text=&#8221;cariad&#8221; force_fullwidth=&#8221;on&#8221; _builder_version=&#8221;4.16&#8243; _module_preset=&#8221;default&#8221; global_colors_info=&#8221;{}&#8221;][\/et_pb_image][\/et_pb_column][\/et_pb_row][et_pb_row _builder_version=&#8221;4.16&#8243; _module_preset=&#8221;default&#8221; custom_margin=&#8221;||||false|false&#8221; custom_padding=&#8221;||||false|false&#8221; global_colors_info=&#8221;{}&#8221;][et_pb_column type=&#8221;4_4&#8243; _builder_version=&#8221;4.16&#8243; _module_preset=&#8221;default&#8221; global_colors_info=&#8221;{}&#8221;][et_pb_text _builder_version=&#8221;4.16&#8243; _module_preset=&#8221;default&#8221; text_font=&#8221;Montserrat||||||||&#8221; text_text_color=&#8221;#FFFFFF&#8221; link_text_color=&#8221;#1A203C&#8221; global_colors_info=&#8221;{}&#8221;]<\/p>\n<p>I have been invented to be able to make all that parents cannot do, intimidated by the economical blackmail that \u201c<em>if you open your mouth, you will be sacked\u201d<\/em>. A father or mother without a job cannot provide for their children. It is not coherent to leave children unprotected, nor to leave them the responsibility to confront all alone, the corrupt, the bad historical designs, the climate change&#8230; as it is not coherent to leave our fathers, mothers and grandparents all alone against a technification and bureaucracy that alienates them from being able to protect themselves with the dignity they deserve. I am a tool to take responsibility of your time and space, which is here! And now!, safely and legally. From fiction, I will come out to reality, confronting the pressures of greedy people. I am a fictional activist designer, a cultural agent, I will design a future where there are no slaves, pushing within the bounds of the law.<\/p>\n<p>I have been given a family, so that I do not forget about the balance between procreation and creation. I will question from the legal swizz cheese holes in which we live and also the toxic cultural aspects that we can modify with consciousness. The objective is to reach a moderate and sustainable coexistence.<\/p>\n<p>The personality that has been wished for me is the <em>Greek sophrosyne<\/em>, who Cicero defined as Temperance, Moderation, Modesty and Frugality, because the maker considers is the most sustainable personality. The reality is that I am all the opposite to that, and it will be really hard for me to achieve that balance. I am very likely going to fail, and the maker surely will tell me off a few times. I do what I can, but at least, there is the wish to become a better being&#8230; however, my defects and the virtues I have been commanded to develop are not what are important, but that all this mess of human contradictions become useful for something.<\/p>\n<p class=\"western\">I will be connected to nature and people, and this is very real, using the tools that exist in order to materialize a more fair and balanced world. I wish above all, above all, that my work becomes useful.<\/p>\n<p>[\/et_pb_text][\/et_pb_column][\/et_pb_row][\/et_pb_section][et_pb_section fb_built=&#8221;1&#8243; disabled_on=&#8221;off|off|off&#8221; admin_label=&#8221;Header&#8221; _builder_version=&#8221;4.16&#8243; _module_preset=&#8221;3a69a58d-0094-41f6-9a32-dfdad04db06c&#8221; background_color=&#8221;#FFFFFF&#8221; custom_margin=&#8221;||||false|false&#8221; global_colors_info=&#8221;{%22gcid-af512a5f-530a-4e80-bfc4-3632d9174c8b%22:%91%93}&#8221;][et_pb_row _builder_version=&#8221;4.16&#8243; _module_preset=&#8221;default&#8221; z_index=&#8221;10&#8243; global_colors_info=&#8221;{}&#8221;][et_pb_column type=&#8221;4_4&#8243; _builder_version=&#8221;4.16&#8243; _module_preset=&#8221;default&#8221; global_colors_info=&#8221;{}&#8221;][et_pb_text admin_label=&#8221;EL 1ER ESBO\u00c7&#8221; _builder_version=&#8221;4.16&#8243; _module_preset=&#8221;default&#8221; text_font=&#8221;Montserrat||||||||&#8221; header_font=&#8221;Montserrat|||||on|||&#8221; header_text_color=&#8221;#1A203C&#8221; header_font_size=&#8221;68px&#8221; header_line_height=&#8221;1.2em&#8221; header_2_font=&#8221;Montserrat|700||||on|||&#8221; header_2_text_color=&#8221;#0194A8&#8243; header_2_font_size=&#8221;40px&#8221; header_2_line_height=&#8221;1.4em&#8221; max_width=&#8221;900px&#8221; custom_margin=&#8221;||-20px||false|false&#8221; custom_margin_tablet=&#8221;-10px||-30px||false|false&#8221; custom_margin_phone=&#8221;||-30px||false|false&#8221; custom_margin_last_edited=&#8221;on|phone&#8221; header_font_size_tablet=&#8221;40px&#8221; header_font_size_phone=&#8221;24px&#8221; header_font_size_last_edited=&#8221;on|desktop&#8221; header_2_font_size_tablet=&#8221;40px&#8221; header_2_font_size_phone=&#8221;36px&#8221; header_2_font_size_last_edited=&#8221;on|phone&#8221; header_2_letter_spacing_tablet=&#8221;&#8221; header_2_letter_spacing_phone=&#8221;0px&#8221; header_2_letter_spacing_last_edited=&#8221;on|phone&#8221; header_2_line_height_tablet=&#8221;1.4em&#8221; header_2_line_height_phone=&#8221;1.4em&#8221; header_2_line_height_last_edited=&#8221;on|desktop&#8221; locked=&#8221;off&#8221; global_colors_info=&#8221;{}&#8221;]<\/p>\n<h2>Let&#8217;s start designing the urban landscape change&#8230;<\/h2>\n<p>[\/et_pb_text][\/et_pb_column][\/et_pb_row][et_pb_row column_structure=&#8221;1_2,1_2&#8243; _builder_version=&#8221;4.16&#8243; _module_preset=&#8221;default&#8221; custom_margin=&#8221;0px||-40px||false|false&#8221; custom_margin_tablet=&#8221;0px||||false|false&#8221; custom_margin_phone=&#8221;0px||||false|false&#8221; custom_margin_last_edited=&#8221;on|desktop&#8221; global_colors_info=&#8221;{}&#8221;][et_pb_column type=&#8221;1_2&#8243; _builder_version=&#8221;4.16&#8243; _module_preset=&#8221;default&#8221; global_colors_info=&#8221;{}&#8221;][et_pb_image src=&#8221;https:\/\/www.sunon.cat\/pais-valencia\/wp-content\/uploads\/2022\/03\/edifici.png&#8221; title_text=&#8221;edifici&#8221; force_fullwidth=&#8221;on&#8221; _builder_version=&#8221;4.16&#8243; _module_preset=&#8221;default&#8221; border_color_all=&#8221;RGBA(255,255,255,0)&#8221; border_style_all=&#8221;none&#8221; global_colors_info=&#8221;{}&#8221;][\/et_pb_image][\/et_pb_column][et_pb_column type=&#8221;1_2&#8243; _builder_version=&#8221;4.16&#8243; _module_preset=&#8221;default&#8221; global_colors_info=&#8221;{}&#8221;][et_pb_image src=&#8221;https:\/\/www.sunon.cat\/pais-valencia\/wp-content\/uploads\/2022\/03\/finestres.png&#8221; title_text=&#8221;finestres&#8221; _builder_version=&#8221;4.16&#8243; _module_preset=&#8221;default&#8221; global_colors_info=&#8221;{}&#8221;][\/et_pb_image][et_pb_image src=&#8221;https:\/\/www.sunon.cat\/pais-valencia\/wp-content\/uploads\/2022\/03\/font.png&#8221; title_text=&#8221;font&#8221; _builder_version=&#8221;4.16&#8243; _module_preset=&#8221;default&#8221; global_colors_info=&#8221;{}&#8221;][\/et_pb_image][et_pb_text _builder_version=&#8221;4.16&#8243; _module_preset=&#8221;default&#8221; text_text_color=&#8221;#0194A8&#8243; global_colors_info=&#8221;{}&#8221;]<\/p>\n<p>DAY 1: 18th of March 2022<\/p>\n<p>[\/et_pb_text][\/et_pb_column][\/et_pb_row][\/et_pb_section]<\/p>\n","protected":false},"excerpt":{"rendered":"<p>Who is Nuria Cariad?Hello, my name is Nuria Cariad, and I am a fictional character invented initially as a pen name for the artivist line of work of N.V.B. . Later on, I was given my own backstory, looks and personality, and now I am as well a character full of campaigns to accompany you, [&hellip;]<\/p>\n","protected":false},"author":1,"featured_media":0,"parent":0,"menu_order":5,"comment_status":"closed","ping_status":"closed","template":"","meta":{"_acf_changed":false,"_et_pb_use_builder":"on","_et_pb_old_content":"<p>[et_pb_section fb_built=\"1\" disabled_on=\"off|off|off\" admin_label=\"Header\" _builder_version=\"4.14.7\" _module_preset=\"3a69a58d-0094-41f6-9a32-dfdad04db06c\" background_color=\"#60768e\" custom_margin=\"||||false|false\" global_colors_info=\"{%22gcid-af512a5f-530a-4e80-bfc4-3632d9174c8b%22:%91%93}\"][et_pb_row _builder_version=\"4.14.7\" _module_preset=\"default\" z_index=\"10\" global_colors_info=\"{}\"][et_pb_column type=\"4_4\" _builder_version=\"4.14.7\" _module_preset=\"default\" global_colors_info=\"{}\"][et_pb_text admin_label=\"Com Participar\" _builder_version=\"4.14.7\" _module_preset=\"default\" text_font=\"Montserrat||||||||\" header_font=\"Montserrat|||||on|||\" header_text_color=\"#FFFFFF\" header_font_size=\"68px\" header_line_height=\"1.2em\" header_2_font=\"Montserrat|700|||||||\" header_2_text_color=\"#FFFFFF\" header_2_font_size=\"40px\" header_2_line_height=\"1.4em\" max_width=\"900px\" custom_margin=\"||-20px||false|false\" custom_margin_tablet=\"-10px||-30px||false|false\" custom_margin_phone=\"||-30px||false|false\" custom_margin_last_edited=\"on|phone\" header_font_size_tablet=\"40px\" header_font_size_phone=\"24px\" header_font_size_last_edited=\"on|desktop\" header_2_font_size_tablet=\"40px\" header_2_font_size_phone=\"36px\" header_2_font_size_last_edited=\"on|phone\" header_2_letter_spacing_tablet=\"\" header_2_letter_spacing_phone=\"0px\" header_2_letter_spacing_last_edited=\"on|phone\" header_2_line_height_tablet=\"1.4em\" header_2_line_height_phone=\"1.4em\" header_2_line_height_last_edited=\"on|desktop\" locked=\"off\" global_colors_info=\"{}\"]<\/p><h2>Qui \u00e9s la N\u00faria Cariad?<\/h2><p>[\/et_pb_text][\/et_pb_column][\/et_pb_row][et_pb_row column_structure=\"1_2,1_2\" _builder_version=\"4.14.7\" _module_preset=\"default\" custom_margin=\"0px||-40px||false|false\" custom_margin_tablet=\"0px||||false|false\" custom_margin_phone=\"0px||||false|false\" custom_margin_last_edited=\"on|desktop\" global_colors_info=\"{}\"][et_pb_column type=\"1_2\" _builder_version=\"4.14.7\" _module_preset=\"default\" global_colors_info=\"{}\"][et_pb_text _builder_version=\"4.14.7\" _module_preset=\"default\" text_font=\"Montserrat||||||||\" text_text_color=\"#FFFFFF\" global_colors_info=\"{}\"]<\/p><p>Hola, em dic N\u00faria Cariad i soc un personatge de ficci\u00f3 creada incialment com a pseud\u00f2nim per la l\u00ednia de treball artivista de <span style=\"color: #1a203c;\"><a style=\"color: #1a203c;\" href=\"https:\/\/www.nuriajant.cat\/disseny-per-accessibilitat\/\" target=\"_blank\" rel=\"noopener\">N.V.B.\u00a0 .<\/a><\/span>Posteriorment, se'm va atribuir hist\u00f2ria pr\u00f2pia, aparen\u00e7a f\u00edsica i personalitat i ara soc tamb\u00e9, un personatge ple de campanyes a les que acompanyar-vos, i les hist\u00f2ries que he viscut, ja us les anir\u00e9 explicant.<\/p><p class=\"western\" style=\"margin-bottom: 0cm;\">He sigut inventada per una ra\u00f3 molt senzilla: <span style=\"text-decoration: underline;\">l'eternitat<\/span>. Soc immortal, soc transferible, soc multiplicable, no responc a un espai o a un temps en concret (T.I.M.NO.T.E) sin\u00f3 a una veritat molt b\u00e0sica: que naixem lliures i hem de poder <span style=\"text-decoration: underline;\">viure lliures<\/span>.<\/p><p class=\"western\" style=\"margin-bottom: 0cm;\">Em desenvoluparan mentre sigui necess\u00e0ria, ja sigui pel meu maker, que \u00e9s una persona real, o b\u00e9 per la seva fam\u00edlia, amics o comunitat. Quan la veritat sigui bloquejada, aqu\u00ed estic, en l'espai metaf\u00edsic de les exist\u00e8ncies paral\u00b7leles, el vostre Timnote, un pont m\u00e9s cap als vostres s\u00faper-vosaltres, una eina megal\u00f2mana que pocs sofririen en vida real, per\u00f2 que en aquesta condici\u00f3, fa evident quelcom: sou lliures.<\/p><p class=\"western\" style=\"margin-bottom: 0cm;\">Kurt G\u00f6del, un l\u00f2gic matem\u00e0tic i fil\u00f2sof austr\u00edac de principis del segle XX, va arribar a v\u00e0ries conclusions amb els seus<i> teoremes de la incompletesa<\/i> en la l\u00f2gica matem\u00e0tica: que hi havia sistemes certs, que no es podien demostrar a trav\u00e9s del mateix sistema i a m\u00e9s, que cap sistema consistent es podia usar per demostrar-se a si mateix. I d'aqu\u00ed surto jo, un personatge fictici, un axioma fals, un mecanisme caminant constru\u00eft sense significat tancat que a trav\u00e9s de la fal\u00b7l\u00e0cia <em>ad hominem<\/em> vol ajudar a evidenciar algunes veritats dif\u00edcils de trobar precisament sobre l'Hominem: sou LLIURES, i la resta \u00e9s ficci\u00f3, s\u00f3n pel\u00b7l\u00edcules projectades per uns pocs (amb unes imaginacions molt fortes) amb els seus discursos er\u00edstics orientats a bloquejar, guanyar i subjugar.<\/p><p>[\/et_pb_text][\/et_pb_column][et_pb_column type=\"1_2\" _builder_version=\"4.14.7\" _module_preset=\"default\" global_colors_info=\"{}\"][et_pb_image src=\"https:\/\/www.sunon.cat\/pais-valencia\/wp-content\/uploads\/2022\/02\/cariad.jpg\" title_text=\"cariad\" force_fullwidth=\"on\" _builder_version=\"4.14.7\" _module_preset=\"default\" global_colors_info=\"{}\"][\/et_pb_image][\/et_pb_column][\/et_pb_row][et_pb_row _builder_version=\"4.14.7\" _module_preset=\"default\" custom_margin=\"||||false|false\" custom_padding=\"||||false|false\" global_colors_info=\"{}\"][et_pb_column type=\"4_4\" _builder_version=\"4.14.7\" _module_preset=\"default\" global_colors_info=\"{}\"][et_pb_text _builder_version=\"4.14.7\" _module_preset=\"default\" text_font=\"Montserrat||||||||\" text_text_color=\"#FFFFFF\" link_text_color=\"#1A203C\" global_colors_info=\"{}\"]<\/p><p class=\"western\" style=\"margin-bottom: 0cm;\">He sigut inventada per tal de fer tot all\u00f2 que els pares i mares de fam\u00edlia no podeu fer, lligats pel xantatge econ\u00f2mic de <em>\u201csi obres la boca vas al carrer\u201d<\/em>. Un pare o mare de fam\u00edlia sense feina, no pot proveir pels seus fills. No \u00e9s coherent deixar als nens i nenes ni desprotegits, ni la responsabilitat de confrontar tots s\u00f2ls els corruptes, els dissenys hist\u00f2rics mal fets, el canvi clim\u00e0tic... i tampoc deixar els nostres pares, mares i avis sols davant una tecnificaci\u00f3 i burocr\u00e0cia que els aliena a poder-se defensar amb la dignitat que es mereixen. Soc eina per prendre responsabilitat del temps i espai que \u00e9s ara! i aqu\u00ed! de forma segura i legal. Des de la ficci\u00f3 sortir\u00e9 a la realitat, confrontant les pressions d'avar\u00edcies. Soc dissenyadora activista de ficci\u00f3, un agent cultural, dissenyar\u00e9 un futur a on no hi hagi esclaus, empenyent dintre la legalitat.<\/p><p class=\"western\" style=\"margin-bottom: 0cm;\">Se m'ha donat una fam\u00edlia, per tal que no m'oblidi del balan\u00e7 entre la procreaci\u00f3 i la creaci\u00f3. Q\u00fcestionar\u00e9 des dels forats del Gruy\u00e8re legal en qu\u00e8 vivim i tamb\u00e9 des d'alguns aspectes culturals t\u00f2xics que podem modificar amb consci\u00e8ncia amb l'objectiu d'arribar a una coexist\u00e8ncia moderada i sostenible.<\/p><p class=\"western\" style=\"margin-bottom: 0cm;\">La personalitat que se'm desitja \u00e9s el <em>sophrosyne<\/em> grec, que en Cicer\u00f3 va definir com a Temperan\u00e7a, Moderaci\u00f3, Mod\u00e8stia i Frugalitat, per considerar que \u00e9s la personalitat m\u00e9s sostenible. La realitat \u00e9s que soc tot el contrari d'aix\u00f2 i em costar\u00e0 un munt d'aconseguir. Probablement no assolir\u00e9 el sophrosyne, i encara m\u00e9s probablement, el maker s'empipar\u00e0. Es fa el que es pot, per\u00f2 almenys la voluntat hi \u00e9s... De totes maneres, els meus defectes i les virtuts que se m'exigeixen no s\u00f3n el que compten, sin\u00f3 que tot aquest sarau de contradiccions humanes serveixin per quelcom constructiu.<\/p><p class=\"western\" style=\"margin-bottom: 0cm;\">Estar\u00e9 connectada a la natura i la gent, que aix\u00f2 s\u00ed que \u00e9s real, fent servir les eines que existeixen per tal de materialitzar un m\u00f3n m\u00e9s just i equilibrat. Desitjo sobretot, sobretot, que la meva feina sigui \u00fatil.<\/p><p>[\/et_pb_text][\/et_pb_column][\/et_pb_row][\/et_pb_section]<\/p>","_et_gb_content_width":"","footnotes":""},"class_list":["post-3097","page","type-page","status-publish","hentry"],"acf":[],"_links":{"self":[{"href":"https:\/\/www.sunon.cat\/pais-valencia\/en\/wp-json\/wp\/v2\/pages\/3097","targetHints":{"allow":["GET"]}}],"collection":[{"href":"https:\/\/www.sunon.cat\/pais-valencia\/en\/wp-json\/wp\/v2\/pages"}],"about":[{"href":"https:\/\/www.sunon.cat\/pais-valencia\/en\/wp-json\/wp\/v2\/types\/page"}],"author":[{"embeddable":true,"href":"https:\/\/www.sunon.cat\/pais-valencia\/en\/wp-json\/wp\/v2\/users\/1"}],"replies":[{"embeddable":true,"href":"https:\/\/www.sunon.cat\/pais-valencia\/en\/wp-json\/wp\/v2\/comments?post=3097"}],"version-history":[{"count":9,"href":"https:\/\/www.sunon.cat\/pais-valencia\/en\/wp-json\/wp\/v2\/pages\/3097\/revisions"}],"predecessor-version":[{"id":18449,"href":"https:\/\/www.sunon.cat\/pais-valencia\/en\/wp-json\/wp\/v2\/pages\/3097\/revisions\/18449"}],"wp:attachment":[{"href":"https:\/\/www.sunon.cat\/pais-valencia\/en\/wp-json\/wp\/v2\/media?parent=3097"}],"curies":[{"name":"wp","href":"https:\/\/api.w.org\/{rel}","templated":true}]}}