{"id":3087,"date":"2022-02-01T23:11:14","date_gmt":"2022-02-01T21:11:14","guid":{"rendered":"https:\/\/www.sunon.cat\/pais-valencia\/?page_id=3087"},"modified":"2025-02-17T21:58:11","modified_gmt":"2025-02-17T19:58:11","slug":"probabilities","status":"publish","type":"page","link":"https:\/\/www.sunon.cat\/pais-valencia\/en\/probabilities\/","title":{"rendered":"PROBABILITIES"},"content":{"rendered":"<p>[et_pb_section fb_built=&#8221;1&#8243; custom_padding_last_edited=&#8221;on|phone&#8221; disabled_on=&#8221;off|off|off&#8221; admin_label=&#8221;INTRO&#8221; _builder_version=&#8221;4.16&#8243; _module_preset=&#8221;default&#8221; background_color=&#8221;#0194A8&#8243; background_enable_image=&#8221;off&#8221; background_size=&#8221;contain&#8221; positioning=&#8221;none&#8221; overflow-x=&#8221;visible&#8221; custom_padding=&#8221;80px||80px||false|false&#8221; custom_padding_tablet=&#8221;||90px||false|false&#8221; custom_padding_phone=&#8221;||70px||false|false&#8221; top_divider_color=&#8221;#0194A8&#8243; collapsed=&#8221;off&#8221; global_colors_info=&#8221;{}&#8221;][et_pb_row column_structure=&#8221;1_2,1_2&#8243; make_equal=&#8221;on&#8221; _builder_version=&#8221;4.16&#8243; _module_preset=&#8221;default&#8221; custom_margin=&#8221;-20px||-100px||false|false&#8221; custom_margin_tablet=&#8221;||-100px||false|false&#8221; custom_margin_phone=&#8221;-40px||||false|false&#8221; custom_margin_last_edited=&#8221;on|phone&#8221; global_colors_info=&#8221;{}&#8221;][et_pb_column type=&#8221;1_2&#8243; _builder_version=&#8221;4.16&#8243; _module_preset=&#8221;default&#8221; global_colors_info=&#8221;{}&#8221;][et_pb_cta title=&#8221;YOUR VOICE IN YOUR COUNCIL&#8221; admin_label=&#8221;CTA-YOUR VOICE IN YOUR COUCIL&#8221; _builder_version=&#8221;4.16&#8243; _module_preset=&#8221;default&#8221; header_font=&#8221;Montserrat||||||||&#8221; header_text_align=&#8221;left&#8221; header_font_size=&#8221;56px&#8221; header_line_height=&#8221;1.4em&#8221; background_enable_color=&#8221;off&#8221; transform_translate=&#8221;-37px|-65px&#8221; custom_margin=&#8221;||-100px||false|false&#8221; header_font_size_tablet=&#8221;46px&#8221; header_font_size_phone=&#8221;26px&#8221; header_font_size_last_edited=&#8221;on|phone&#8221; body_font_size_tablet=&#8221;&#8221; body_font_size_phone=&#8221;16px&#8221; body_font_size_last_edited=&#8221;on|phone&#8221; global_colors_info=&#8221;{}&#8221;][\/et_pb_cta][\/et_pb_column][et_pb_column type=&#8221;1_2&#8243; _builder_version=&#8221;4.16&#8243; _module_preset=&#8221;default&#8221; custom_padding=&#8221;50px||||false|false&#8221; global_colors_info=&#8221;{}&#8221;][et_pb_text admin_label=&#8221;Text Intro&#8221; _builder_version=&#8221;4.27.4&#8243; _module_preset=&#8221;da86b6f0-f83c-4c7c-bdd8-3019777ddffe&#8221; text_font=&#8221;Montserrat||||||||&#8221; text_text_color=&#8221;#FFFFFF&#8221; text_font_size=&#8221;18px&#8221; text_line_height=&#8221;1.6em&#8221; background_color=&#8221;RGBA(0,0,0,0)&#8221; transform_translate=&#8221;4px|-60px&#8221; module_alignment=&#8221;center&#8221; custom_margin=&#8221;0px||||false|false&#8221; custom_margin_tablet=&#8221;-20px||||false|false&#8221; custom_margin_phone=&#8221;-20px||||false|false&#8221; custom_margin_last_edited=&#8221;on|phone&#8221; hover_enabled=&#8221;0&#8243; text_font_size_tablet=&#8221;15px&#8221; text_font_size_phone=&#8221;14px&#8221; text_font_size_last_edited=&#8221;on|desktop&#8221; locked=&#8221;off&#8221; global_colors_info=&#8221;{}&#8221; sticky_enabled=&#8221;0&#8243;]<\/p>\n<p>There are 542 councils in Comunidad Valenciana, some with very high population density, some with much less density. The people who are registered residents have a voice when it comes to voting their Council representatives, however, the impact of this voice is not the same in very populated places than in much lesser ones. There is also a variable that cannot be measured today, which is the willingness of a Council to serve their citizens. So then,<strong> what is the Value of your Voice in your Municipality?<\/strong><\/p>\n<p>[\/et_pb_text][\/et_pb_column][\/et_pb_row][\/et_pb_section][et_pb_section fb_built=&#8221;1&#8243; _builder_version=&#8221;4.16&#8243; _module_preset=&#8221;default&#8221; global_colors_info=&#8221;{}&#8221;][et_pb_row use_custom_gutter=&#8221;on&#8221; gutter_width=&#8221;2&#8243; _builder_version=&#8221;4.16&#8243; _module_preset=&#8221;default&#8221; custom_margin=&#8221;-20px|40px||120px|false|false&#8221; custom_margin_tablet=&#8221;-20px||||false|false&#8221; custom_margin_phone=&#8221;-20px||||false|false&#8221; custom_margin_last_edited=&#8221;on|phone&#8221; custom_padding=&#8221;|||0px||&#8221; global_colors_info=&#8221;{}&#8221;][et_pb_column type=&#8221;4_4&#8243; _builder_version=&#8221;4.16&#8243; _module_preset=&#8221;default&#8221; global_colors_info=&#8221;{}&#8221;][et_pb_text admin_label=&#8221;LOTTERY&#8221; _builder_version=&#8221;4.16&#8243; _module_preset=&#8221;default&#8221; header_font=&#8221;Montserrat|700|||||||&#8221; header_text_color=&#8221;#FFDD85&#8243; global_colors_info=&#8221;{}&#8221;]<\/p>\n<h1>LOTTERY<\/h1>\n<p>[\/et_pb_text][\/et_pb_column][\/et_pb_row][et_pb_row column_structure=&#8221;1_2,1_2&#8243; admin_label=&#8221;GRAPHICS&#8221; _builder_version=&#8221;4.16&#8243; _module_preset=&#8221;default&#8221; border_color_all=&#8221;#0194A8&#8243; border_width_bottom=&#8221;1px&#8221; global_colors_info=&#8221;{}&#8221;][et_pb_column type=&#8221;1_2&#8243; _builder_version=&#8221;4.16&#8243; _module_preset=&#8221;default&#8221; global_colors_info=&#8221;{}&#8221;][et_pb_circle_counter title=&#8221;POSSIBILITY TO WIN AN ORDINARY LOTTERY: 1 OUT Of 100.000&#8243; number=&#8221;0.1&#8243; bar_bg_color=&#8221;#4A55A2&#8243; admin_label=&#8221;ORDINARY LOTTERY&#8221; _builder_version=&#8221;4.16&#8243; _module_preset=&#8221;default&#8221; title_font=&#8221;Montserrat||||||||&#8221; title_text_color=&#8221;#1A203C&#8221; global_colors_info=&#8221;{}&#8221;][\/et_pb_circle_counter][\/et_pb_column][et_pb_column type=&#8221;1_2&#8243; _builder_version=&#8221;4.16&#8243; _module_preset=&#8221;default&#8221; global_colors_info=&#8221;{}&#8221;][et_pb_circle_counter title=&#8221;POSSIBILITY TO WIN THE CHRISTMAS LOTTERY: 1 OUT OF 85.000&#8243; number=&#8221;0.117&#8243; bar_bg_color=&#8221;#4A55A2&#8243; admin_label=&#8221;CHRISTMAS LOTTERY&#8221; _builder_version=&#8221;4.16&#8243; _module_preset=&#8221;default&#8221; title_font=&#8221;Montserrat||||||||&#8221; title_text_color=&#8221;#1A203C&#8221; global_colors_info=&#8221;{}&#8221;][\/et_pb_circle_counter][\/et_pb_column][\/et_pb_row][et_pb_row column_structure=&#8221;1_3,1_3,1_3&#8243; _builder_version=&#8221;4.16&#8243; _module_preset=&#8221;default&#8221; custom_padding=&#8221;70px||||false|false&#8221; locked=&#8221;off&#8221; collapsed=&#8221;off&#8221; global_colors_info=&#8221;{}&#8221;][et_pb_column type=&#8221;1_3&#8243; _builder_version=&#8221;4.16&#8243; _module_preset=&#8221;default&#8221; custom_padding=&#8221;|20px||20px|false|false&#8221; custom_padding_tablet=&#8221;|0px||0px|false|false&#8221; custom_padding_phone=&#8221;|0px||0px|false|false&#8221; custom_padding_last_edited=&#8221;on|phone&#8221; global_colors_info=&#8221;{}&#8221;][et_pb_button button_url=&#8221;https:\/\/www.sunon.cat\/pais-valencia\/en\/probabilities\/alicante\/&#8221; url_new_window=&#8221;on&#8221; button_text=&#8221;ALICANTE&#8221; _builder_version=&#8221;4.27.4&#8243; _module_preset=&#8221;default&#8221; custom_button=&#8221;on&#8221; button_text_color=&#8221;#FFFFFF&#8221; button_bg_color=&#8221;#60768E&#8221; button_border_width=&#8221;2px&#8221; button_border_color=&#8221;#FFFFFF&#8221; button_border_radius=&#8221;50px&#8221; button_letter_spacing=&#8221;2px&#8221; button_font=&#8221;Montserrat||||||||&#8221; button_use_icon=&#8221;off&#8221; global_colors_info=&#8221;{}&#8221;][\/et_pb_button][\/et_pb_column][et_pb_column type=&#8221;1_3&#8243; _builder_version=&#8221;4.16&#8243; _module_preset=&#8221;default&#8221; custom_padding=&#8221;|10px||40px|false|false&#8221; custom_padding_tablet=&#8221;|0px||0px|false|false&#8221; custom_padding_phone=&#8221;|0px||0px|false|false&#8221; custom_padding_last_edited=&#8221;on|phone&#8221; global_colors_info=&#8221;{}&#8221;][et_pb_button button_url=&#8221;https:\/\/www.sunon.cat\/pais-valencia\/en\/probabilities\/castello\/&#8221; url_new_window=&#8221;on&#8221; button_text=&#8221;CASTELL\u00d3N&#8221; _builder_version=&#8221;4.27.4&#8243; _module_preset=&#8221;default&#8221; custom_button=&#8221;on&#8221; button_text_color=&#8221;#FFFFFF&#8221; button_bg_color=&#8221;#60768E&#8221; button_border_width=&#8221;2px&#8221; button_border_color=&#8221;#FFFFFF&#8221; button_border_radius=&#8221;50px&#8221; button_letter_spacing=&#8221;2px&#8221; button_font=&#8221;Montserrat||||||||&#8221; button_use_icon=&#8221;off&#8221; global_colors_info=&#8221;{}&#8221;][\/et_pb_button][\/et_pb_column][et_pb_column type=&#8221;1_3&#8243; _builder_version=&#8221;4.16&#8243; _module_preset=&#8221;default&#8221; custom_padding=&#8221;|0px||20px|false|false&#8221; custom_padding_tablet=&#8221;|0px||0px|false|false&#8221; custom_padding_phone=&#8221;|0px||0px|false|false&#8221; custom_padding_last_edited=&#8221;on|phone&#8221; global_colors_info=&#8221;{}&#8221;][et_pb_button button_url=&#8221;https:\/\/www.sunon.cat\/pais-valencia\/en\/probabilities\/valencia\/&#8221; url_new_window=&#8221;on&#8221; button_text=&#8221;VALENCIA&#8221; _builder_version=&#8221;4.27.4&#8243; _module_preset=&#8221;default&#8221; custom_button=&#8221;on&#8221; button_text_color=&#8221;#FFFFFF&#8221; button_bg_color=&#8221;#60768E&#8221; button_border_width=&#8221;2px&#8221; button_border_color=&#8221;#FFFFFF&#8221; button_border_radius=&#8221;50px&#8221; button_letter_spacing=&#8221;2px&#8221; button_font=&#8221;Montserrat||||||||&#8221; button_use_icon=&#8221;off&#8221; global_colors_info=&#8221;{}&#8221;][\/et_pb_button][\/et_pb_column][\/et_pb_row][\/et_pb_section][et_pb_section fb_built=&#8221;1&#8243; prev_background_color=&#8221;#ffffff&#8221; admin_label=&#8221;FOOT&#8221; _builder_version=&#8221;4.16&#8243; _module_preset=&#8221;default&#8221; background_color=&#8221;RGBA(255,255,255,0)&#8221; use_background_color_gradient=&#8221;on&#8221; background_color_gradient_direction=&#8221;181deg&#8221; background_color_gradient_stops=&#8221;rgba(10,1,0,0.82) 26%|#ffffff 100%&#8221; background_color_gradient_start=&#8221;rgba(10,1,0,0.82)&#8221; background_color_gradient_start_position=&#8221;26%&#8221; background_color_gradient_end=&#8221;#ffffff&#8221; background_image=&#8221;https:\/\/www.sunon.cat\/pais-valencia\/wp-content\/uploads\/2022\/02\/nathan-dumlao-ewGMqs2tmJI-unsplash-1-scaled-1.jpg&#8221; background_blend=&#8221;overlay&#8221; top_divider_style=&#8221;arrow3&#8243; top_divider_height=&#8221;194px&#8221; global_colors_info=&#8221;{}&#8221;][et_pb_row custom_padding_last_edited=&#8221;on|phone&#8221; admin_label=&#8221;FOOT PARTICIPATE&#8221; _builder_version=&#8221;4.16&#8243; _module_preset=&#8221;default&#8221; background_color=&#8221;RGBA(255,255,255,0)&#8221; background_color_gradient_direction=&#8221;177deg&#8221; background_color_gradient_start=&#8221;#000000&#8243; background_color_gradient_end=&#8221;#ffffff&#8221; background_enable_image=&#8221;off&#8221; transform_translate=&#8221;7px|76px&#8221; width=&#8221;100%&#8221; min_height=&#8221;400px&#8221; custom_margin=&#8221;||||false|false&#8221; custom_padding=&#8221;||80px||false|false&#8221; custom_padding_tablet=&#8221;||80px||false|false&#8221; custom_padding_phone=&#8221;||80px||false|false&#8221; global_colors_info=&#8221;{}&#8221;][et_pb_column type=&#8221;4_4&#8243; _builder_version=&#8221;4.16&#8243; _module_preset=&#8221;default&#8221; global_colors_info=&#8221;{}&#8221;][et_pb_text admin_label=&#8221;From the design futures&#8230;&#8221; _builder_version=&#8221;4.16&#8243; _module_preset=&#8221;default&#8221; text_font=&#8221;||||||||&#8221; text_text_color=&#8221;#1A203C&#8221; header_3_font=&#8221;Montserrat|700|||||||&#8221; header_3_text_color=&#8221;#FFFFFF&#8221; header_3_font_size=&#8221;48px&#8221; header_3_line_height=&#8221;1.4em&#8221; header_4_font=&#8221;Montserrat|600|||||||&#8221; header_4_text_color=&#8221;#FFFFFF&#8221; header_4_font_size=&#8221;36px&#8221; header_4_line_height=&#8221;1.4em&#8221; header_5_font=&#8221;Montserrat|500|||||||&#8221; header_5_font_size=&#8221;14px&#8221; header_5_line_height=&#8221;1.4em&#8221; text_orientation=&#8221;center&#8221; custom_margin=&#8221;30px||80px||false|false&#8221; custom_padding=&#8221;|50px||50px|false|false&#8221; global_colors_info=&#8221;{}&#8221;]<\/p>\n<h4 style=\"text-align: left;\">From the Design Futures discipline, let&#8217;s initiate a dialogue between Our Present and the Future We Want.<\/h4>\n<p>[\/et_pb_text][et_pb_button button_url=&#8221;https:\/\/www.sunon.cat\/pais-valencia\/en\/participation\/&#8221; button_text=&#8221;PARTICIPATE&#8221; button_alignment=&#8221;center&#8221; admin_label=&#8221;Boton-Participate&#8221; _builder_version=&#8221;4.16&#8243; _module_preset=&#8221;4449fc3b-b2e1-457d-bd50-c55d5be30f46&#8243; custom_button=&#8221;on&#8221; button_text_size=&#8221;14px&#8221; button_text_color=&#8221;#FFFFFF&#8221; button_bg_color=&#8221;#0194A8&#8243; button_border_width=&#8221;0.1px&#8221; button_border_color=&#8221;#FFFFFF&#8221; button_border_radius=&#8221;50px&#8221; button_letter_spacing=&#8221;2px&#8221; button_font=&#8221;Montserrat|700|||||||&#8221; button_use_icon=&#8221;off&#8221; transform_translate_linked=&#8221;off&#8221; custom_margin=&#8221;||||false|false&#8221; custom_padding=&#8221;16px|40px|16px|40px|true|true&#8221; saved_tabs=&#8221;all&#8221; global_colors_info=&#8221;{}&#8221;][\/et_pb_button][\/et_pb_column][\/et_pb_row][\/et_pb_section]<\/p>\n","protected":false},"excerpt":{"rendered":"<p>There are 542 councils in Comunidad Valenciana, some with very high population density, some with much less density. The people who are registered residents have a voice when it comes to voting their Council representatives, however, the impact of this voice is not the same in very populated places than in much lesser ones. There [&hellip;]<\/p>\n","protected":false},"author":1,"featured_media":0,"parent":0,"menu_order":4,"comment_status":"closed","ping_status":"closed","template":"","meta":{"_acf_changed":false,"_et_pb_use_builder":"on","_et_pb_old_content":"<p>[et_pb_section fb_built=\"1\" disabled_on=\"off|off|off\" admin_label=\"Motius\" _builder_version=\"4.14.7\" _module_preset=\"default\" background_color=\"#0194A8\" background_enable_image=\"off\" background_size=\"contain\" positioning=\"none\" overflow-x=\"visible\" custom_padding=\"80px||80px||false|false\" top_divider_color=\"#0194A8\" hover_enabled=\"0\" collapsed=\"off\" global_colors_info=\"{}\" custom_padding_last_edited=\"on|phone\" sticky_enabled=\"0\" custom_padding_tablet=\"||90px||false|false\" custom_padding_phone=\"||70px||false|false\"][et_pb_row column_structure=\"1_2,1_2\" make_equal=\"on\" _builder_version=\"4.14.7\" _module_preset=\"default\" custom_margin=\"-20px||-100px||false|false\" hover_enabled=\"0\" global_colors_info=\"{}\" custom_margin_last_edited=\"on|phone\" sticky_enabled=\"0\" custom_margin_tablet=\"||-100px||false|false\" custom_margin_phone=\"-40px||||false|false\"][et_pb_column type=\"1_2\" _builder_version=\"4.14.7\" _module_preset=\"default\" global_colors_info=\"{}\"][et_pb_cta title=\"LA TEVA VEU AL TEU MUNICIPI\" admin_label=\"CTA-Accessibilitat idea\" _builder_version=\"4.14.7\" _module_preset=\"default\" header_font=\"Montserrat||||||||\" header_text_align=\"left\" header_font_size=\"56px\" header_line_height=\"1.4em\" background_enable_color=\"off\" transform_translate=\"-37px|-65px\" hover_enabled=\"0\" header_font_size_tablet=\"46px\" header_font_size_phone=\"26px\" header_font_size_last_edited=\"on|phone\" global_colors_info=\"{}\" custom_margin=\"||-100px||false|false\" sticky_enabled=\"0\" body_font_size_last_edited=\"on|phone\" body_font_size_phone=\"16px\"][\/et_pb_cta][\/et_pb_column][et_pb_column type=\"1_2\" _builder_version=\"4.14.7\" _module_preset=\"default\" custom_padding=\"50px||||false|false\" global_colors_info=\"{}\"][et_pb_text admin_label=\"Text Intro\" _builder_version=\"4.14.7\" _module_preset=\"da86b6f0-f83c-4c7c-bdd8-3019777ddffe\" text_font=\"Montserrat||||||||\" text_text_color=\"#FFFFFF\" text_font_size=\"18px\" text_line_height=\"1.6em\" background_color=\"RGBA(0,0,0,0)\" transform_translate=\"4px|-60px\" module_alignment=\"center\" hover_enabled=\"0\" text_font_size_tablet=\"15px\" text_font_size_phone=\"14px\" text_font_size_last_edited=\"on|desktop\" locked=\"off\" global_colors_info=\"{}\" custom_margin=\"0px||||false|false\" custom_margin_last_edited=\"on|phone\" sticky_enabled=\"0\" custom_margin_tablet=\"-20px||||false|false\" custom_margin_phone=\"-20px||||false|false\"]<\/p><p>Hi ha 947 municipis a Catalunya, alguns amb molta densitat de poblaci\u00f3, altres amb menys. Les persones empadronades tenen veu alhora de votar els seus Ajuntaments, per\u00f2 el valor i impacte d'aquesta veu no \u00e9s el mateix en poblacions molt denses que en poblacions menys denses. Tamb\u00e9 cal afegir com a variant no mesurable a dies d'avui, les ganes que un Ajuntament tingui de servir als seus ciutadans. Aix\u00ed doncs,<strong> quin valor t\u00e9 la teva Veu al teu Municipi?<\/strong><\/p><p>[\/et_pb_text][\/et_pb_column][\/et_pb_row][\/et_pb_section][et_pb_section fb_built=\"1\" _builder_version=\"4.14.7\" _module_preset=\"default\" global_colors_info=\"{}\"][et_pb_row use_custom_gutter=\"on\" gutter_width=\"2\" _builder_version=\"4.14.7\" _module_preset=\"default\" custom_margin=\"-20px|40px||120px|false|false\" custom_padding=\"|||0px||\" hover_enabled=\"0\" global_colors_info=\"{}\" custom_margin_last_edited=\"on|phone\" custom_margin_tablet=\"-20px||||false|false\" sticky_enabled=\"0\" custom_margin_phone=\"-20px||||false|false\"][et_pb_column type=\"4_4\" _builder_version=\"4.14.7\" _module_preset=\"default\" global_colors_info=\"{}\"][et_pb_text _builder_version=\"4.14.7\" _module_preset=\"default\" header_font=\"Montserrat|700|||||||\" header_text_color=\"#FFDD85\" global_colors_info=\"{}\"]<\/p><h1>LOTERIA<\/h1><p>[\/et_pb_text][\/et_pb_column][\/et_pb_row][et_pb_row column_structure=\"1_2,1_2\" _builder_version=\"4.14.7\" _module_preset=\"default\" border_color_all=\"#0194A8\" border_width_bottom=\"1px\" global_colors_info=\"{}\"][et_pb_column type=\"1_2\" _builder_version=\"4.14.7\" _module_preset=\"default\" global_colors_info=\"{}\"][et_pb_circle_counter title=\"POSSIBILITAT DE QUE ET TOQUI LA LOTERIA ORDINARIA: 1 DE CADA 100.000\" number=\"0.001\" bar_bg_color=\"#4A55A2\" _builder_version=\"4.14.7\" _module_preset=\"default\" title_font=\"Montserrat||||||||\" title_text_color=\"#1A203C\" global_colors_info=\"{}\"][\/et_pb_circle_counter][\/et_pb_column][et_pb_column type=\"1_2\" _builder_version=\"4.14.7\" _module_preset=\"default\" global_colors_info=\"{}\"][et_pb_circle_counter title=\"POSSIBILITAT DE QUE ET TOQUI LA LOTERIA DE NADAL: 1 DE CADA 85.000\" number=\"0.00117\" bar_bg_color=\"#4A55A2\" _builder_version=\"4.14.7\" _module_preset=\"default\" title_font=\"Montserrat||||||||\" title_text_color=\"#1A203C\" global_colors_info=\"{}\"][\/et_pb_circle_counter][\/et_pb_column][\/et_pb_row][et_pb_row column_structure=\"1_4,1_4,1_4,1_4\" _builder_version=\"4.14.7\" _module_preset=\"default\" custom_padding=\"70px||||false|false\" hover_enabled=\"0\" global_colors_info=\"{}\" sticky_enabled=\"0\"][et_pb_column type=\"1_4\" _builder_version=\"4.14.7\" _module_preset=\"default\" hover_enabled=\"0\" global_colors_info=\"{}\" sticky_enabled=\"0\" custom_padding=\"|20px||20px|false|false\" custom_padding_last_edited=\"on|phone\" custom_padding_tablet=\"|0px||0px|false|false\" custom_padding_phone=\"|0px||0px|false|false\"][et_pb_button button_url=\"https:\/\/www.sunon.cat\/pais-valencia\/les-probabilitats\/barcelona\/\" url_new_window=\"on\" button_text=\"BARCELONA\" _builder_version=\"4.14.7\" _module_preset=\"default\" custom_button=\"on\" button_text_color=\"#FFFFFF\" button_bg_color=\"#F4A571\" button_border_width=\"0px\" button_border_color=\"#FFFFFF\" button_font=\"Montserrat||||||||\" global_colors_info=\"{}\"][\/et_pb_button][\/et_pb_column][et_pb_column type=\"1_4\" _builder_version=\"4.14.7\" _module_preset=\"default\" hover_enabled=\"0\" global_colors_info=\"{}\" custom_padding=\"|10px||40px|false|false\" sticky_enabled=\"0\" custom_padding_last_edited=\"on|phone\" custom_padding_tablet=\"|0px||0px|false|false\" custom_padding_phone=\"|0px||0px|false|false\"][et_pb_button button_url=\"https:\/\/www.sunon.cat\/pais-valencia\/les-probabilitats\/girona\/\" url_new_window=\"on\" button_text=\"GIRONA\" _builder_version=\"4.14.7\" _module_preset=\"default\" custom_button=\"on\" button_text_color=\"#FFFFFF\" button_bg_color=\"#F4A571\" button_border_width=\"0px\" button_border_color=\"#FFFFFF\" button_font=\"Montserrat||||||||\" global_colors_info=\"{}\"][\/et_pb_button][\/et_pb_column][et_pb_column type=\"1_4\" _builder_version=\"4.14.7\" _module_preset=\"default\" hover_enabled=\"0\" global_colors_info=\"{}\" custom_padding=\"|0px||20px|false|false\" sticky_enabled=\"0\" custom_padding_last_edited=\"on|phone\" custom_padding_tablet=\"|0px||0px|false|false\" custom_padding_phone=\"|0px||0px|false|false\"][et_pb_button button_url=\"https:\/\/www.sunon.cat\/pais-valencia\/les-probabilitats\/lleida\/\" url_new_window=\"on\" button_text=\"LLEIDA\" _builder_version=\"4.14.7\" _module_preset=\"default\" custom_button=\"on\" button_text_color=\"#FFFFFF\" button_bg_color=\"#F4A571\" button_border_width=\"0px\" button_border_color=\"#FFFFFF\" button_font=\"Montserrat||||||||\" global_colors_info=\"{}\"][\/et_pb_button][\/et_pb_column][et_pb_column type=\"1_4\" _builder_version=\"4.14.7\" _module_preset=\"default\" hover_enabled=\"0\" global_colors_info=\"{}\" custom_padding=\"|20px||0px|false|false\" sticky_enabled=\"0\" custom_padding_last_edited=\"on|phone\" custom_padding_tablet=\"|0px||0px|false|false\" custom_padding_phone=\"|0px||0px|false|false\"][et_pb_button button_url=\"https:\/\/www.sunon.cat\/pais-valencia\/les-probabilitats\/tarragona\/\" url_new_window=\"on\" button_text=\"TARRAGONA\" _builder_version=\"4.14.7\" _module_preset=\"default\" custom_button=\"on\" button_text_color=\"#FFFFFF\" button_bg_color=\"#F4A571\" button_border_width=\"0px\" button_border_color=\"#FFFFFF\" button_font=\"Montserrat||||||||\" global_colors_info=\"{}\"][\/et_pb_button][\/et_pb_column][\/et_pb_row][\/et_pb_section][et_pb_section fb_built=\"1\" prev_background_color=\"#ffffff\" _builder_version=\"4.14.7\" _module_preset=\"default\" background_color=\"RGBA(255,255,255,0)\" use_background_color_gradient=\"on\" background_color_gradient_start=\"rgba(10,1,0,0.82)\" background_color_gradient_end=\"#ffffff\" background_color_gradient_direction=\"181deg\" background_color_gradient_start_position=\"26%\" background_image=\"https:\/\/www.sunon.cat\/pais-valencia\/wp-content\/uploads\/2022\/02\/nathan-dumlao-ewGMqs2tmJI-unsplash-1-scaled-1.jpg\" background_blend=\"overlay\" top_divider_style=\"arrow3\" top_divider_height=\"194px\" global_colors_info=\"{}\"][et_pb_row admin_label=\"Peu participa\" _builder_version=\"4.14.7\" _module_preset=\"default\" background_color=\"RGBA(255,255,255,0)\" background_color_gradient_start=\"#000000\" background_color_gradient_end=\"#ffffff\" background_color_gradient_direction=\"177deg\" background_enable_image=\"off\" transform_translate=\"7px|76px\" width=\"100%\" min_height=\"400px\" custom_margin=\"||||false|false\" custom_padding=\"||80px||false|false\" hover_enabled=\"0\" global_colors_info=\"{}\" custom_padding_last_edited=\"on|phone\" sticky_enabled=\"0\" custom_padding_tablet=\"||80px||false|false\" custom_padding_phone=\"||80px||false|false\"][et_pb_column type=\"4_4\" _builder_version=\"4.9.10\" _module_preset=\"default\" global_colors_info=\"{}\"][et_pb_text _builder_version=\"4.14.7\" _module_preset=\"default\" text_font=\"||||||||\" text_text_color=\"#1A203C\" header_3_font=\"Montserrat|700|||||||\" header_3_text_color=\"#FFFFFF\" header_3_font_size=\"48px\" header_3_line_height=\"1.4em\" header_4_font=\"Montserrat|600|||||||\" header_4_text_color=\"#FFFFFF\" header_4_font_size=\"36px\" header_4_line_height=\"1.4em\" header_5_font=\"Montserrat|500|||||||\" header_5_font_size=\"14px\" header_5_line_height=\"1.4em\" text_orientation=\"center\" custom_margin=\"30px||80px||false|false\" custom_padding=\"|50px||50px|false|false\" global_colors_info=\"{}\"]<\/p><h4>Des del camp de Design Futures iniciem un di\u00e0leg entre el Nostre Present i el Futur que Volem.<\/h4><p>[\/et_pb_text][et_pb_button button_url=\"\/wordpress_sunon\/participa\" button_text=\"PARTICIPA\" button_alignment=\"center\" admin_label=\"Boto-Participa\" _builder_version=\"4.14.7\" _module_preset=\"4449fc3b-b2e1-457d-bd50-c55d5be30f46\" custom_button=\"on\" button_text_size=\"14px\" button_text_color=\"#FFFFFF\" button_bg_color=\"#0194A8\" button_border_width=\"0.1px\" button_border_color=\"#FFFFFF\" button_border_radius=\"50px\" button_letter_spacing=\"2px\" button_font=\"Montserrat|700|||||||\" button_use_icon=\"off\" transform_translate_linked=\"off\" custom_padding=\"16px|40px|16px|40px|true|true\" hover_enabled=\"0\" saved_tabs=\"all\" global_colors_info=\"{}\" custom_margin=\"||||false|false\" sticky_enabled=\"0\"][\/et_pb_button][\/et_pb_column][\/et_pb_row][\/et_pb_section]<\/p>","_et_gb_content_width":"","footnotes":""},"class_list":["post-3087","page","type-page","status-publish","hentry"],"acf":[],"_links":{"self":[{"href":"https:\/\/www.sunon.cat\/pais-valencia\/en\/wp-json\/wp\/v2\/pages\/3087","targetHints":{"allow":["GET"]}}],"collection":[{"href":"https:\/\/www.sunon.cat\/pais-valencia\/en\/wp-json\/wp\/v2\/pages"}],"about":[{"href":"https:\/\/www.sunon.cat\/pais-valencia\/en\/wp-json\/wp\/v2\/types\/page"}],"author":[{"embeddable":true,"href":"https:\/\/www.sunon.cat\/pais-valencia\/en\/wp-json\/wp\/v2\/users\/1"}],"replies":[{"embeddable":true,"href":"https:\/\/www.sunon.cat\/pais-valencia\/en\/wp-json\/wp\/v2\/comments?post=3087"}],"version-history":[{"count":9,"href":"https:\/\/www.sunon.cat\/pais-valencia\/en\/wp-json\/wp\/v2\/pages\/3087\/revisions"}],"predecessor-version":[{"id":18435,"href":"https:\/\/www.sunon.cat\/pais-valencia\/en\/wp-json\/wp\/v2\/pages\/3087\/revisions\/18435"}],"wp:attachment":[{"href":"https:\/\/www.sunon.cat\/pais-valencia\/en\/wp-json\/wp\/v2\/media?parent=3087"}],"curies":[{"name":"wp","href":"https:\/\/api.w.org\/{rel}","templated":true}]}}