{"id":3101,"date":"2022-02-01T11:49:34","date_gmt":"2022-02-01T09:49:34","guid":{"rendered":"https:\/\/www.sunon.cat\/?page_id=3101"},"modified":"2026-01-08T00:27:05","modified_gmt":"2026-01-07T22:27:05","slug":"cariad","status":"publish","type":"page","link":"https:\/\/www.sunon.cat\/es\/cariad\/","title":{"rendered":"CARIAD"},"content":{"rendered":"<p>[et_pb_section fb_built=\u00bb1&#8243; disabled_on=\u00bboff|off|off\u00bb admin_label=\u00bbHeader\u00bb _builder_version=\u00bb4.14.7&#8243; _module_preset=\u00bb3a69a58d-0094-41f6-9a32-dfdad04db06c\u00bb background_color=\u00bb#60768e\u00bb custom_margin=\u00bb||||false|false\u00bb global_colors_info=\u00bb{%22gcid-af512a5f-530a-4e80-bfc4-3632d9174c8b%22:%91%93}\u00bb][et_pb_row _builder_version=\u00bb4.14.7&#8243; _module_preset=\u00bbdefault\u00bb z_index=\u00bb10&#8243; global_colors_info=\u00bb{}\u00bb][et_pb_column type=\u00bb4_4&#8243; _builder_version=\u00bb4.14.7&#8243; _module_preset=\u00bbdefault\u00bb global_colors_info=\u00bb{}\u00bb][et_pb_text admin_label=\u00bbquien es Nuria Cariad\u00bb _builder_version=\u00bb4.14.7&#8243; _module_preset=\u00bbdefault\u00bb text_font=\u00bbMontserrat||||||||\u00bb header_font=\u00bbMontserrat|||||on|||\u00bb header_text_color=\u00bb#FFFFFF\u00bb header_font_size=\u00bb68px\u00bb header_line_height=\u00bb1.2em\u00bb header_2_font=\u00bbMontserrat|700|||||||\u00bb header_2_text_color=\u00bb#FFFFFF\u00bb header_2_font_size=\u00bb40px\u00bb header_2_line_height=\u00bb1.4em\u00bb max_width=\u00bb900px\u00bb custom_margin=\u00bb||-20px||false|false\u00bb custom_margin_tablet=\u00bb-10px||-30px||false|false\u00bb custom_margin_phone=\u00bb||-30px||false|false\u00bb custom_margin_last_edited=\u00bbon|phone\u00bb header_font_size_tablet=\u00bb40px\u00bb header_font_size_phone=\u00bb24px\u00bb header_font_size_last_edited=\u00bbon|desktop\u00bb header_2_font_size_tablet=\u00bb40px\u00bb header_2_font_size_phone=\u00bb36px\u00bb header_2_font_size_last_edited=\u00bbon|phone\u00bb header_2_letter_spacing_tablet=\u00bb\u00bb header_2_letter_spacing_phone=\u00bb0px\u00bb header_2_letter_spacing_last_edited=\u00bbon|phone\u00bb header_2_line_height_tablet=\u00bb1.4em\u00bb header_2_line_height_phone=\u00bb1.4em\u00bb header_2_line_height_last_edited=\u00bbon|desktop\u00bb locked=\u00bboff\u00bb global_colors_info=\u00bb{}\u00bb]<\/p>\n<h2>\u00bfQui\u00e9n es Nuria Cariad?<\/h2>\n<p>[\/et_pb_text][\/et_pb_column][\/et_pb_row][et_pb_row column_structure=\u00bb1_2,1_2&#8243; _builder_version=\u00bb4.14.7&#8243; _module_preset=\u00bbdefault\u00bb custom_margin=\u00bb0px||-40px||false|false\u00bb custom_margin_tablet=\u00bb0px||||false|false\u00bb custom_margin_phone=\u00bb0px||||false|false\u00bb custom_margin_last_edited=\u00bbon|desktop\u00bb global_colors_info=\u00bb{}\u00bb][et_pb_column type=\u00bb1_2&#8243; _builder_version=\u00bb4.14.7&#8243; _module_preset=\u00bbdefault\u00bb global_colors_info=\u00bb{}\u00bb][et_pb_text _builder_version=\u00bb4.14.7&#8243; _module_preset=\u00bbdefault\u00bb text_font=\u00bbMontserrat||||||||\u00bb text_text_color=\u00bb#FFFFFF\u00bb link_text_color=\u00bb#1A203C\u00bb hover_enabled=\u00bb0&#8243; global_colors_info=\u00bb{}\u00bb sticky_enabled=\u00bb0&#8243;]<\/p>\n<p class=\"western\">Hola, me llamo Nuria Cariad y soy un personaje de ficci\u00f3n inventada inicialmente como pseud\u00f3nimo para la l\u00ednea de trabajo artivista de <a href=\"https:\/\/www.nuriajant.com\/disseny-per-accessibilitat\/\" target=\"_blank\" rel=\"noopener\"><strong>N.V.B<\/strong>. <\/a>Posteriormente, se me atribuy\u00f3 historia propia, apariencia f\u00edsica y personalidad y ahora soy tambi\u00e9n un personaje lleno de campa\u00f1as a las que acompa\u00f1aros, y las historias que he vivido, ya os las ir\u00e9 explicando.<\/p>\n<p>He sido inventada por una raz\u00f3n muy sencilla: la Eternidad. Soy inmortal, soy transferible, soy multiplicable, no respondo a un espacio o a un tiempo en concreto (T.I.M.NO.T.<span class=\"hiddenGrammarError\">E<\/span>) sino a una verdad muy b\u00e1sica: que nacemos libres y hemos de poder vivir libres.<\/p>\n<p>Me desarrollar\u00e1n mientras sea necesaria, ya sea por mi <span class=\"hiddenSpellError\">maker<\/span>, que es una persona real, o bien por su familia, amigos o comunidad. Cuando la verdad sea bloqueada, aqu\u00ed estoy, en el espacio metaf\u00edsico de las existencias paralelas, vuestro <span class=\"hiddenSpellError\">Timnote<\/span>, un puente m\u00e1s hacia vuestros super-vosotros y super-vosotras, una herramienta megal\u00f3mana que pocos sufrir\u00edan en vida real, pero que en dicha condici\u00f3n, se hace evidente algo: sois libres.<\/p>\n<p>Kurt <span class=\"hiddenSpellError\">G\u00f6del<\/span>, un l\u00f3gico matem\u00e1tico y fil\u00f3sofo austr\u00edaco de principios del siglo XX, lleg\u00f3 a varias conclusiones con sus teoremas de la <span class=\"hiddenSpellError\">incompletitud<\/span> en la l\u00f3gica matem\u00e1tica: que hab\u00eda sistemas ciertos, que no se pod\u00edan demostrar a trav\u00e9s del propio sistema y adem\u00e1s, que ning\u00fan sistema consistente se pod\u00eda usar para demostrarse a s\u00ed mismo. Y de aqu\u00ed salgo yo, un personaje ficticio, un axioma falso, un mecanismo caminante construido sin significado cerrado que a trav\u00e9s de la falacia ad hominem quiere ayudar a evidenciar algunas verdades dif\u00edciles de encontrar precisamente sobre El <span class=\"hiddenSpellError\">Hominem<\/span>: sois libres y el resto es ficci\u00f3n, son pel\u00edculas proyectadas por unos pocos (con unas imaginaciones muy fuertes) con sus discursos er\u00edsticos orientados a bloquear, ganar y subyugar.<\/p>\n<p>&nbsp;<\/p>\n<p>[\/et_pb_text][\/et_pb_column][et_pb_column type=\u00bb1_2&#8243; _builder_version=\u00bb4.14.7&#8243; _module_preset=\u00bbdefault\u00bb global_colors_info=\u00bb{}\u00bb][et_pb_image src=\u00bbhttps:\/\/www.sunon.cat\/wp-content\/uploads\/2022\/02\/cariad.jpg\u00bb title_text=\u00bbcariad\u00bb force_fullwidth=\u00bbon\u00bb _builder_version=\u00bb4.14.7&#8243; _module_preset=\u00bbdefault\u00bb global_colors_info=\u00bb{}\u00bb][\/et_pb_image][\/et_pb_column][\/et_pb_row][et_pb_row _builder_version=\u00bb4.14.7&#8243; _module_preset=\u00bbdefault\u00bb custom_margin=\u00bb||||false|false\u00bb custom_padding=\u00bb||||false|false\u00bb global_colors_info=\u00bb{}\u00bb][et_pb_column type=\u00bb4_4&#8243; _builder_version=\u00bb4.14.7&#8243; _module_preset=\u00bbdefault\u00bb global_colors_info=\u00bb{}\u00bb][et_pb_text _builder_version=\u00bb4.14.7&#8243; _module_preset=\u00bbdefault\u00bb text_font=\u00bbMontserrat||||||||\u00bb text_text_color=\u00bb#FFFFFF\u00bb link_text_color=\u00bb#1A203C\u00bb global_colors_info=\u00bb{}\u00bb]<\/p>\n<p>He sido inventada con el prop\u00f3sito de hacer todo aquello que los padres y madres de familia no pod\u00e9is hacer, limitados por el chantaje econ\u00f3mico de <em>\u201csi abres la boca, vas a la calle\u201d<\/em>. Un padre o madre de familia sin trabajo, no puede proveer por sus hijos. No es coherente dejar a los ni\u00f1os y ni\u00f1as desprotegidos, y tampoco dejarles la responsabilidad de confrontar solos y solas a los corruptos, los dise\u00f1os hist\u00f3ricos mal hechos, el cambio clim\u00e1tico&#8230; como tampoco es coherente dejar a nuestros padres, madres y abuelos solos delante de la tecnificaci\u00f3n y burocracia que los aliena de poderse defender con la dignidad que merecen. Soy herramienta para tomar responsabilidad del tiempo y espacio, \u00a1que es ahora! \u00a1Y aqu\u00ed! De forma segura y legal. Desde la ficci\u00f3n saldr\u00e9 a la realidad, confrontando las presiones de avaricias. Soy dise\u00f1adora activista de ficci\u00f3n, un agente cultural, dise\u00f1ar\u00e9 un futuro donde no haya esclavos, empujando dentro la legalidad.<\/p>\n<p>Me han dado una familia, con tal de que no me olvide del balance entre la procreaci\u00f3n y la creaci\u00f3n. Cuestionar\u00e9 desde los agujeros del Gruyere legal en que vivimos y tambi\u00e9n desde algunos aspectos culturales t\u00f3xicos que podemos modificar con conciencia con el objetivo de llegar a una coexistencia moderada y sostenible.<\/p>\n<p>La personalidad que se me desea es el <span class=\"hiddenSpellError\">sophrosyne<\/span> griego, que Cicer\u00f3n defini\u00f3 como Templanza, Moderaci\u00f3n, Modestia y Frugalidad, pues mi <span class=\"hiddenSpellError\">maker<\/span> considera que es la personalidad m\u00e1s sostenible. La realidad es que soy todo lo contrario y me costar\u00e1 un mont\u00f3n tanta disciplina y balance. Muy probablemente fracasar\u00e9, y seguro que el <span class=\"hiddenSpellError\">maker<\/span> me echa m\u00e1s de una bronca. Har\u00e9 lo que pueda, pero al menos la voluntad s\u00ed est\u00e1&#8230; Aunque mis defectos y las virtudes que se me exigen no son lo que cuenta, sino que todo este jaleo de contradicciones humanas sirvan para algo.<\/p>\n<p>Estar\u00e9 conectada a la naturaleza y la gente, que esto s\u00ed es muy real, utilizando las herramientas que existen con tal de materializar un mundo m\u00e1s justo y equilibrado. Deseo sobre todo, sobre todo, que la mi trabajo sea \u00fatil.<\/p>\n<p>&nbsp;<\/p>\n<p>[\/et_pb_text][\/et_pb_column][\/et_pb_row][\/et_pb_section][et_pb_section fb_built=\u00bb1&#8243; disabled_on=\u00bboff|off|off\u00bb admin_label=\u00bbHeader\u00bb _builder_version=\u00bb4.14.7&#8243; _module_preset=\u00bb3a69a58d-0094-41f6-9a32-dfdad04db06c\u00bb background_color=\u00bb#FFFFFF\u00bb custom_margin=\u00bb||||false|false\u00bb global_colors_info=\u00bb{%22gcid-af512a5f-530a-4e80-bfc4-3632d9174c8b%22:%91%93}\u00bb][et_pb_row _builder_version=\u00bb4.14.7&#8243; _module_preset=\u00bbdefault\u00bb z_index=\u00bb10&#8243; global_colors_info=\u00bb{}\u00bb][et_pb_column type=\u00bb4_4&#8243; _builder_version=\u00bb4.14.7&#8243; _module_preset=\u00bbdefault\u00bb global_colors_info=\u00bb{}\u00bb][et_pb_text admin_label=\u00bbEL 1ER ESBO\u00c7\u00bb _builder_version=\u00bb4.14.7&#8243; _module_preset=\u00bbdefault\u00bb text_font=\u00bbMontserrat||||||||\u00bb header_font=\u00bbMontserrat|||||on|||\u00bb header_text_color=\u00bb#1A203C\u00bb header_font_size=\u00bb68px\u00bb header_line_height=\u00bb1.2em\u00bb header_2_font=\u00bbMontserrat|700||||on|||\u00bb header_2_text_color=\u00bb#0194A8&#8243; header_2_font_size=\u00bb40px\u00bb header_2_line_height=\u00bb1.4em\u00bb max_width=\u00bb900px\u00bb custom_margin=\u00bb||-20px||false|false\u00bb custom_margin_tablet=\u00bb-10px||-30px||false|false\u00bb custom_margin_phone=\u00bb||-30px||false|false\u00bb custom_margin_last_edited=\u00bbon|phone\u00bb header_font_size_tablet=\u00bb40px\u00bb header_font_size_phone=\u00bb24px\u00bb header_font_size_last_edited=\u00bbon|desktop\u00bb header_2_font_size_tablet=\u00bb40px\u00bb header_2_font_size_phone=\u00bb36px\u00bb header_2_font_size_last_edited=\u00bbon|phone\u00bb header_2_letter_spacing_tablet=\u00bb\u00bb header_2_letter_spacing_phone=\u00bb0px\u00bb header_2_letter_spacing_last_edited=\u00bbon|phone\u00bb header_2_line_height_tablet=\u00bb1.4em\u00bb header_2_line_height_phone=\u00bb1.4em\u00bb header_2_line_height_last_edited=\u00bbon|desktop\u00bb locked=\u00bboff\u00bb global_colors_info=\u00bb{}\u00bb]<\/p>\n<h2>Empecemos a dise\u00f1ar el cambio del paisaje urbano&#8230;<\/h2>\n<p>[\/et_pb_text][\/et_pb_column][\/et_pb_row][et_pb_row column_structure=\u00bb1_2,1_2&#8243; _builder_version=\u00bb4.14.7&#8243; _module_preset=\u00bbdefault\u00bb custom_margin=\u00bb0px||-40px||false|false\u00bb custom_margin_tablet=\u00bb0px||||false|false\u00bb custom_margin_phone=\u00bb0px||||false|false\u00bb custom_margin_last_edited=\u00bbon|desktop\u00bb global_colors_info=\u00bb{}\u00bb][et_pb_column type=\u00bb1_2&#8243; _builder_version=\u00bb4.14.7&#8243; _module_preset=\u00bbdefault\u00bb global_colors_info=\u00bb{}\u00bb][et_pb_image src=\u00bbhttps:\/\/www.sunon.cat\/wp-content\/uploads\/2022\/03\/edifici.png\u00bb title_text=\u00bbedifici\u00bb force_fullwidth=\u00bbon\u00bb _builder_version=\u00bb4.14.7&#8243; _module_preset=\u00bbdefault\u00bb border_color_all=\u00bbRGBA(255,255,255,0)\u00bb border_style_all=\u00bbnone\u00bb global_colors_info=\u00bb{}\u00bb][\/et_pb_image][\/et_pb_column][et_pb_column type=\u00bb1_2&#8243; _builder_version=\u00bb4.14.7&#8243; _module_preset=\u00bbdefault\u00bb global_colors_info=\u00bb{}\u00bb][et_pb_image src=\u00bbhttps:\/\/www.sunon.cat\/wp-content\/uploads\/2022\/03\/finestres.png\u00bb title_text=\u00bbfinestres\u00bb _builder_version=\u00bb4.14.7&#8243; _module_preset=\u00bbdefault\u00bb global_colors_info=\u00bb{}\u00bb][\/et_pb_image][et_pb_image src=\u00bbhttps:\/\/www.sunon.cat\/wp-content\/uploads\/2022\/03\/font.png\u00bb title_text=\u00bbfont\u00bb _builder_version=\u00bb4.14.7&#8243; _module_preset=\u00bbdefault\u00bb global_colors_info=\u00bb{}\u00bb][\/et_pb_image][et_pb_text _builder_version=\u00bb4.14.7&#8243; _module_preset=\u00bbdefault\u00bb text_text_color=\u00bb#0194A8&#8243; global_colors_info=\u00bb{}\u00bb]<\/p>\n<p>DIA 1: 18 de marzo del 2022<\/p>\n<p>[\/et_pb_text][\/et_pb_column][\/et_pb_row][\/et_pb_section]<\/p>\n","protected":false},"excerpt":{"rendered":"<p>\u00bfQui\u00e9n es Nuria Cariad?Hola, me llamo Nuria Cariad y soy un personaje de ficci\u00f3n inventada inicialmente como pseud\u00f3nimo para la l\u00ednea de trabajo artivista de N.V.B. Posteriormente, se me atribuy\u00f3 historia propia, apariencia f\u00edsica y personalidad y ahora soy tambi\u00e9n un personaje lleno de campa\u00f1as a las que acompa\u00f1aros, y las historias que he vivido, [&hellip;]<\/p>\n","protected":false},"author":1,"featured_media":0,"parent":0,"menu_order":5,"comment_status":"closed","ping_status":"closed","template":"","meta":{"_acf_changed":false,"_et_pb_use_builder":"on","_et_pb_old_content":"<p>[et_pb_section fb_built=\"1\" disabled_on=\"off|off|off\" admin_label=\"Header\" _builder_version=\"4.14.7\" _module_preset=\"3a69a58d-0094-41f6-9a32-dfdad04db06c\" background_color=\"#60768e\" custom_margin=\"||||false|false\" global_colors_info=\"{%22gcid-af512a5f-530a-4e80-bfc4-3632d9174c8b%22:%91%93}\"][et_pb_row _builder_version=\"4.14.7\" _module_preset=\"default\" z_index=\"10\" global_colors_info=\"{}\"][et_pb_column type=\"4_4\" _builder_version=\"4.14.7\" _module_preset=\"default\" global_colors_info=\"{}\"][et_pb_text admin_label=\"Com Participar\" _builder_version=\"4.14.7\" _module_preset=\"default\" text_font=\"Montserrat||||||||\" header_font=\"Montserrat|||||on|||\" header_text_color=\"#FFFFFF\" header_font_size=\"68px\" header_line_height=\"1.2em\" header_2_font=\"Montserrat|700|||||||\" header_2_text_color=\"#FFFFFF\" header_2_font_size=\"40px\" header_2_line_height=\"1.4em\" max_width=\"900px\" custom_margin=\"||-20px||false|false\" custom_margin_tablet=\"-10px||-30px||false|false\" custom_margin_phone=\"||-30px||false|false\" custom_margin_last_edited=\"on|phone\" header_font_size_tablet=\"40px\" header_font_size_phone=\"24px\" header_font_size_last_edited=\"on|desktop\" header_2_font_size_tablet=\"40px\" header_2_font_size_phone=\"36px\" header_2_font_size_last_edited=\"on|phone\" header_2_letter_spacing_tablet=\"\" header_2_letter_spacing_phone=\"0px\" header_2_letter_spacing_last_edited=\"on|phone\" header_2_line_height_tablet=\"1.4em\" header_2_line_height_phone=\"1.4em\" header_2_line_height_last_edited=\"on|desktop\" locked=\"off\" global_colors_info=\"{}\"]<\/p><h2>Qui \u00e9s la N\u00faria Cariad?<\/h2><p>[\/et_pb_text][\/et_pb_column][\/et_pb_row][et_pb_row column_structure=\"1_2,1_2\" _builder_version=\"4.14.7\" _module_preset=\"default\" custom_margin=\"0px||-40px||false|false\" custom_margin_tablet=\"0px||||false|false\" custom_margin_phone=\"0px||||false|false\" custom_margin_last_edited=\"on|desktop\" global_colors_info=\"{}\"][et_pb_column type=\"1_2\" _builder_version=\"4.14.7\" _module_preset=\"default\" global_colors_info=\"{}\"][et_pb_text _builder_version=\"4.14.7\" _module_preset=\"default\" text_font=\"Montserrat||||||||\" text_text_color=\"#FFFFFF\" global_colors_info=\"{}\"]<\/p><p>Hola, em dic N\u00faria Cariad i soc un personatge de ficci\u00f3 creada incialment com a pseud\u00f2nim per la l\u00ednia de treball artivista de <span style=\"color: #1a203c;\"><a style=\"color: #1a203c;\" href=\"https:\/\/www.nuriajant.cat\/disseny-per-accessibilitat\/\" target=\"_blank\" rel=\"noopener\">N.V.B.\u00a0 .<\/a><\/span>Posteriorment, se'm va atribuir hist\u00f2ria pr\u00f2pia, aparen\u00e7a f\u00edsica i personalitat i ara soc tamb\u00e9, un personatge ple de campanyes a les que acompanyar-vos, i les hist\u00f2ries que he viscut, ja us les anir\u00e9 explicant.<\/p><p class=\"western\" style=\"margin-bottom: 0cm;\">He sigut inventada per una ra\u00f3 molt senzilla: <span style=\"text-decoration: underline;\">l'eternitat<\/span>. Soc immortal, soc transferible, soc multiplicable, no responc a un espai o a un temps en concret (T.I.M.NO.T.E) sin\u00f3 a una veritat molt b\u00e0sica: que naixem lliures i hem de poder <span style=\"text-decoration: underline;\">viure lliures<\/span>.<\/p><p class=\"western\" style=\"margin-bottom: 0cm;\">Em desenvoluparan mentre sigui necess\u00e0ria, ja sigui pel meu maker, que \u00e9s una persona real, o b\u00e9 per la seva fam\u00edlia, amics o comunitat. Quan la veritat sigui bloquejada, aqu\u00ed estic, en l'espai metaf\u00edsic de les exist\u00e8ncies paral\u00b7leles, el vostre Timnote, un pont m\u00e9s cap als vostres s\u00faper-vosaltres, una eina megal\u00f2mana que pocs sofririen en vida real, per\u00f2 que en aquesta condici\u00f3, fa evident quelcom: sou lliures.<\/p><p class=\"western\" style=\"margin-bottom: 0cm;\">Kurt G\u00f6del, un l\u00f2gic matem\u00e0tic i fil\u00f2sof austr\u00edac de principis del segle XX, va arribar a v\u00e0ries conclusions amb els seus<i> teoremes de la incompletesa<\/i> en la l\u00f2gica matem\u00e0tica: que hi havia sistemes certs, que no es podien demostrar a trav\u00e9s del mateix sistema i a m\u00e9s, que cap sistema consistent es podia usar per demostrar-se a si mateix. I d'aqu\u00ed surto jo, un personatge fictici, un axioma fals, un mecanisme caminant constru\u00eft sense significat tancat que a trav\u00e9s de la fal\u00b7l\u00e0cia <em>ad hominem<\/em> vol ajudar a evidenciar algunes veritats dif\u00edcils de trobar precisament sobre l'Hominem: sou LLIURES, i la resta \u00e9s ficci\u00f3, s\u00f3n pel\u00b7l\u00edcules projectades per uns pocs (amb unes imaginacions molt fortes) amb els seus discursos er\u00edstics orientats a bloquejar, guanyar i subjugar.<\/p><p>[\/et_pb_text][\/et_pb_column][et_pb_column type=\"1_2\" _builder_version=\"4.14.7\" _module_preset=\"default\" global_colors_info=\"{}\"][et_pb_image src=\"https:\/\/www.sunon.cat\/wp-content\/uploads\/2022\/02\/cariad.jpg\" title_text=\"cariad\" force_fullwidth=\"on\" _builder_version=\"4.14.7\" _module_preset=\"default\" global_colors_info=\"{}\"][\/et_pb_image][\/et_pb_column][\/et_pb_row][et_pb_row _builder_version=\"4.14.7\" _module_preset=\"default\" custom_margin=\"||||false|false\" custom_padding=\"||||false|false\" global_colors_info=\"{}\"][et_pb_column type=\"4_4\" _builder_version=\"4.14.7\" _module_preset=\"default\" global_colors_info=\"{}\"][et_pb_text _builder_version=\"4.14.7\" _module_preset=\"default\" text_font=\"Montserrat||||||||\" text_text_color=\"#FFFFFF\" link_text_color=\"#1A203C\" global_colors_info=\"{}\"]<\/p><p class=\"western\" style=\"margin-bottom: 0cm;\">He sigut inventada per tal de fer tot all\u00f2 que els pares i mares de fam\u00edlia no podeu fer, lligats pel xantatge econ\u00f2mic de <em>\u201csi obres la boca vas al carrer\u201d<\/em>. Un pare o mare de fam\u00edlia sense feina, no pot proveir pels seus fills. No \u00e9s coherent deixar als nens i nenes ni desprotegits, ni la responsabilitat de confrontar tots s\u00f2ls els corruptes, els dissenys hist\u00f2rics mal fets, el canvi clim\u00e0tic... i tampoc deixar els nostres pares, mares i avis sols davant una tecnificaci\u00f3 i burocr\u00e0cia que els aliena a poder-se defensar amb la dignitat que es mereixen. Soc eina per prendre responsabilitat del temps i espai que \u00e9s ara! i aqu\u00ed! de forma segura i legal. Des de la ficci\u00f3 sortir\u00e9 a la realitat, confrontant les pressions d'avar\u00edcies. Soc dissenyadora activista de ficci\u00f3, un agent cultural, dissenyar\u00e9 un futur a on no hi hagi esclaus, empenyent dintre la legalitat.<\/p><p class=\"western\" style=\"margin-bottom: 0cm;\">Se m'ha donat una fam\u00edlia, per tal que no m'oblidi del balan\u00e7 entre la procreaci\u00f3 i la creaci\u00f3. Q\u00fcestionar\u00e9 des dels forats del Gruy\u00e8re legal en qu\u00e8 vivim i tamb\u00e9 des d'alguns aspectes culturals t\u00f2xics que podem modificar amb consci\u00e8ncia amb l'objectiu d'arribar a una coexist\u00e8ncia moderada i sostenible.<\/p><p class=\"western\" style=\"margin-bottom: 0cm;\">La personalitat que se'm desitja \u00e9s el <em>sophrosyne<\/em> grec, que en Cicer\u00f3 va definir com a Temperan\u00e7a, Moderaci\u00f3, Mod\u00e8stia i Frugalitat, per considerar que \u00e9s la personalitat m\u00e9s sostenible. La realitat \u00e9s que soc tot el contrari d'aix\u00f2 i em costar\u00e0 un munt d'aconseguir. Probablement no assolir\u00e9 el sophrosyne, i encara m\u00e9s probablement, el maker s'empipar\u00e0. Es fa el que es pot, per\u00f2 almenys la voluntat hi \u00e9s... De totes maneres, els meus defectes i les virtuts que se m'exigeixen no s\u00f3n el que compten, sin\u00f3 que tot aquest sarau de contradiccions humanes serveixin per quelcom constructiu.<\/p><p class=\"western\" style=\"margin-bottom: 0cm;\">Estar\u00e9 connectada a la natura i la gent, que aix\u00f2 s\u00ed que \u00e9s real, fent servir les eines que existeixen per tal de materialitzar un m\u00f3n m\u00e9s just i equilibrat. Desitjo sobretot, sobretot, que la meva feina sigui \u00fatil.<\/p><p>[\/et_pb_text][\/et_pb_column][\/et_pb_row][\/et_pb_section]<\/p>","_et_gb_content_width":"","footnotes":""},"class_list":["post-3101","page","type-page","status-publish","hentry"],"acf":[],"_links":{"self":[{"href":"https:\/\/www.sunon.cat\/es\/wp-json\/wp\/v2\/pages\/3101","targetHints":{"allow":["GET"]}}],"collection":[{"href":"https:\/\/www.sunon.cat\/es\/wp-json\/wp\/v2\/pages"}],"about":[{"href":"https:\/\/www.sunon.cat\/es\/wp-json\/wp\/v2\/types\/page"}],"author":[{"embeddable":true,"href":"https:\/\/www.sunon.cat\/es\/wp-json\/wp\/v2\/users\/1"}],"replies":[{"embeddable":true,"href":"https:\/\/www.sunon.cat\/es\/wp-json\/wp\/v2\/comments?post=3101"}],"version-history":[{"count":10,"href":"https:\/\/www.sunon.cat\/es\/wp-json\/wp\/v2\/pages\/3101\/revisions"}],"predecessor-version":[{"id":16377,"href":"https:\/\/www.sunon.cat\/es\/wp-json\/wp\/v2\/pages\/3101\/revisions\/16377"}],"wp:attachment":[{"href":"https:\/\/www.sunon.cat\/es\/wp-json\/wp\/v2\/media?parent=3101"}],"curies":[{"name":"wp","href":"https:\/\/api.w.org\/{rel}","templated":true}]}}