{"id":3092,"date":"2022-02-01T23:11:14","date_gmt":"2022-02-01T21:11:14","guid":{"rendered":"https:\/\/www.sunon.cat\/?page_id=3092"},"modified":"2022-03-17T19:48:47","modified_gmt":"2022-03-17T17:48:47","slug":"probabilidades","status":"publish","type":"page","link":"https:\/\/www.sunon.cat\/es\/probabilidades\/","title":{"rendered":"PROBABILIDADES"},"content":{"rendered":"<p>[et_pb_section fb_built=\u00bb1&#8243; custom_padding_last_edited=\u00bbon|phone\u00bb disabled_on=\u00bboff|off|off\u00bb admin_label=\u00bbMotius\u00bb _builder_version=\u00bb4.14.7&#8243; _module_preset=\u00bbdefault\u00bb background_color=\u00bb#0194A8&#8243; background_enable_image=\u00bboff\u00bb background_size=\u00bbcontain\u00bb positioning=\u00bbnone\u00bb overflow-x=\u00bbvisible\u00bb custom_padding=\u00bb80px||80px||false|false\u00bb custom_padding_tablet=\u00bb||90px||false|false\u00bb custom_padding_phone=\u00bb||70px||false|false\u00bb top_divider_color=\u00bb#0194A8&#8243; collapsed=\u00bboff\u00bb global_colors_info=\u00bb{}\u00bb][et_pb_row column_structure=\u00bb1_2,1_2&#8243; make_equal=\u00bbon\u00bb _builder_version=\u00bb4.14.7&#8243; _module_preset=\u00bbdefault\u00bb custom_margin=\u00bb-20px||-100px||false|false\u00bb custom_margin_tablet=\u00bb||-100px||false|false\u00bb custom_margin_phone=\u00bb-40px||||false|false\u00bb custom_margin_last_edited=\u00bbon|phone\u00bb global_colors_info=\u00bb{}\u00bb][et_pb_column type=\u00bb1_2&#8243; _builder_version=\u00bb4.14.7&#8243; _module_preset=\u00bbdefault\u00bb global_colors_info=\u00bb{}\u00bb][et_pb_cta title=\u00bbTU VOZ EN TU MUNICIPIO\u00bb admin_label=\u00bbCTA-Accessibilitat idea\u00bb _builder_version=\u00bb4.14.7&#8243; _module_preset=\u00bbdefault\u00bb header_font=\u00bbMontserrat||||||||\u00bb header_text_align=\u00bbleft\u00bb header_font_size=\u00bb56px\u00bb header_line_height=\u00bb1.4em\u00bb background_enable_color=\u00bboff\u00bb transform_translate=\u00bb-37px|-65px\u00bb custom_margin=\u00bb||-100px||false|false\u00bb header_font_size_tablet=\u00bb46px\u00bb header_font_size_phone=\u00bb26px\u00bb header_font_size_last_edited=\u00bbon|phone\u00bb body_font_size_tablet=\u00bb\u00bb body_font_size_phone=\u00bb16px\u00bb body_font_size_last_edited=\u00bbon|phone\u00bb global_colors_info=\u00bb{}\u00bb][\/et_pb_cta][\/et_pb_column][et_pb_column type=\u00bb1_2&#8243; _builder_version=\u00bb4.14.7&#8243; _module_preset=\u00bbdefault\u00bb custom_padding=\u00bb50px||||false|false\u00bb global_colors_info=\u00bb{}\u00bb][et_pb_text admin_label=\u00bbText Intro\u00bb _builder_version=\u00bb4.14.7&#8243; _module_preset=\u00bbda86b6f0-f83c-4c7c-bdd8-3019777ddffe\u00bb text_font=\u00bbMontserrat||||||||\u00bb text_text_color=\u00bb#FFFFFF\u00bb text_font_size=\u00bb18px\u00bb text_line_height=\u00bb1.6em\u00bb background_color=\u00bbRGBA(0,0,0,0)\u00bb transform_translate=\u00bb4px|-60px\u00bb module_alignment=\u00bbcenter\u00bb custom_margin=\u00bb0px||||false|false\u00bb custom_margin_tablet=\u00bb-20px||||false|false\u00bb custom_margin_phone=\u00bb-20px||||false|false\u00bb custom_margin_last_edited=\u00bbon|phone\u00bb text_font_size_tablet=\u00bb15px\u00bb text_font_size_phone=\u00bb14px\u00bb text_font_size_last_edited=\u00bbon|desktop\u00bb locked=\u00bboff\u00bb global_colors_info=\u00bb{}\u00bb]<\/p>\n<p>Hay 947 municipios en Catalu\u00f1a, algunos con mucha densidad de poblaci\u00f3n, otros con menos. Las personas empadronadas tienen voz a la hora de votar sus Ayuntamientos, pero el valor e impacto de esta voz no es el mismo en poblaciones muy densas que en poblaciones menos densas. Tambi\u00e9n hay que a\u00f1adir, como a variante no mesurable a d\u00edas de hoy, las ganas que un Ayuntamiento tenga de servir a sus ciudadanos. As\u00ed pues, <strong>\u00bfqu\u00e9 valor tiene tu Voz en tu Municipio?<\/strong><\/p>\n<p>[\/et_pb_text][\/et_pb_column][\/et_pb_row][\/et_pb_section][et_pb_section fb_built=\u00bb1&#8243; _builder_version=\u00bb4.14.7&#8243; _module_preset=\u00bbdefault\u00bb global_colors_info=\u00bb{}\u00bb][et_pb_row use_custom_gutter=\u00bbon\u00bb gutter_width=\u00bb2&#8243; _builder_version=\u00bb4.14.7&#8243; _module_preset=\u00bbdefault\u00bb custom_margin=\u00bb-20px|40px||120px|false|false\u00bb custom_margin_tablet=\u00bb-20px||||false|false\u00bb custom_margin_phone=\u00bb-20px||||false|false\u00bb custom_margin_last_edited=\u00bbon|phone\u00bb custom_padding=\u00bb|||0px||\u00bb global_colors_info=\u00bb{}\u00bb][et_pb_column type=\u00bb4_4&#8243; _builder_version=\u00bb4.14.7&#8243; _module_preset=\u00bbdefault\u00bb global_colors_info=\u00bb{}\u00bb][et_pb_text _builder_version=\u00bb4.14.7&#8243; _module_preset=\u00bbdefault\u00bb header_font=\u00bbMontserrat|700|||||||\u00bb header_text_color=\u00bb#FFDD85&#8243; global_colors_info=\u00bb{}\u00bb]<\/p>\n<h1>LOTER\u00cdA<\/h1>\n<p>[\/et_pb_text][\/et_pb_column][\/et_pb_row][et_pb_row column_structure=\u00bb1_2,1_2&#8243; _builder_version=\u00bb4.14.7&#8243; _module_preset=\u00bbdefault\u00bb border_color_all=\u00bb#0194A8&#8243; border_width_bottom=\u00bb1px\u00bb global_colors_info=\u00bb{}\u00bb][et_pb_column type=\u00bb1_2&#8243; _builder_version=\u00bb4.14.7&#8243; _module_preset=\u00bbdefault\u00bb global_colors_info=\u00bb{}\u00bb][et_pb_circle_counter title=\u00bbPOSIBILIDAD DE QUE TE TOQUE LA LOTER\u00cdA ORDINARIA: 1 DE CADA 100.000&#8243; number=\u00bb0.1&#8243; bar_bg_color=\u00bb#4A55A2&#8243; _builder_version=\u00bb4.14.7&#8243; _module_preset=\u00bbdefault\u00bb title_font=\u00bbMontserrat||||||||\u00bb title_text_color=\u00bb#1A203C\u00bb global_colors_info=\u00bb{}\u00bb][\/et_pb_circle_counter][\/et_pb_column][et_pb_column type=\u00bb1_2&#8243; _builder_version=\u00bb4.14.7&#8243; _module_preset=\u00bbdefault\u00bb global_colors_info=\u00bb{}\u00bb][et_pb_circle_counter title=\u00bbPOSIBILIDAD DE QUE TE TOQUE LA LOTER\u00cdA DE NAVIDAD: 1 DE CADA 85.000&#8243; number=\u00bb0.117&#8243; bar_bg_color=\u00bb#4A55A2&#8243; _builder_version=\u00bb4.14.7&#8243; _module_preset=\u00bbdefault\u00bb title_font=\u00bbMontserrat||||||||\u00bb title_text_color=\u00bb#1A203C\u00bb global_colors_info=\u00bb{}\u00bb][\/et_pb_circle_counter][\/et_pb_column][\/et_pb_row][et_pb_row column_structure=\u00bb1_4,1_4,1_4,1_4&#8243; _builder_version=\u00bb4.14.7&#8243; _module_preset=\u00bbdefault\u00bb custom_padding=\u00bb70px||||false|false\u00bb global_colors_info=\u00bb{}\u00bb][et_pb_column type=\u00bb1_4&#8243; _builder_version=\u00bb4.14.7&#8243; _module_preset=\u00bbdefault\u00bb custom_padding=\u00bb|20px||20px|false|false\u00bb custom_padding_tablet=\u00bb|0px||0px|false|false\u00bb custom_padding_phone=\u00bb|0px||0px|false|false\u00bb custom_padding_last_edited=\u00bbon|phone\u00bb global_colors_info=\u00bb{}\u00bb][et_pb_button button_url=\u00bbhttps:\/\/www.sunon.cat\/les-probabilitats\/barcelona\/\u00bb url_new_window=\u00bbon\u00bb button_text=\u00bbBARCELONA\u00bb _builder_version=\u00bb4.14.7&#8243; _module_preset=\u00bbdefault\u00bb custom_button=\u00bbon\u00bb button_text_color=\u00bb#FFFFFF\u00bb button_bg_color=\u00bb#60768E\u00bb button_border_width=\u00bb2px\u00bb button_border_color=\u00bb#FFFFFF\u00bb button_font=\u00bbMontserrat||||||||\u00bb button_use_icon=\u00bboff\u00bb hover_enabled=\u00bb0&#8243; global_colors_info=\u00bb{}\u00bb button_bg_enable_color=\u00bbon\u00bb button_border_radius=\u00bb50px\u00bb button_letter_spacing=\u00bb2px\u00bb sticky_enabled=\u00bb0&#8243;][\/et_pb_button][\/et_pb_column][et_pb_column type=\u00bb1_4&#8243; _builder_version=\u00bb4.14.7&#8243; _module_preset=\u00bbdefault\u00bb custom_padding=\u00bb|10px||40px|false|false\u00bb custom_padding_tablet=\u00bb|0px||0px|false|false\u00bb custom_padding_phone=\u00bb|0px||0px|false|false\u00bb custom_padding_last_edited=\u00bbon|phone\u00bb global_colors_info=\u00bb{}\u00bb][et_pb_button button_url=\u00bbhttps:\/\/www.sunon.cat\/les-probabilitats\/girona\/\u00bb url_new_window=\u00bbon\u00bb button_text=\u00bbGIRONA\u00bb _builder_version=\u00bb4.14.7&#8243; _module_preset=\u00bbdefault\u00bb custom_button=\u00bbon\u00bb button_text_color=\u00bb#FFFFFF\u00bb button_bg_color=\u00bb#60768E\u00bb button_border_width=\u00bb2px\u00bb button_border_color=\u00bb#FFFFFF\u00bb button_font=\u00bbMontserrat||||||||\u00bb button_use_icon=\u00bboff\u00bb hover_enabled=\u00bb0&#8243; global_colors_info=\u00bb{}\u00bb button_bg_enable_color=\u00bbon\u00bb button_border_radius=\u00bb50px\u00bb button_letter_spacing=\u00bb2px\u00bb sticky_enabled=\u00bb0&#8243;][\/et_pb_button][\/et_pb_column][et_pb_column type=\u00bb1_4&#8243; _builder_version=\u00bb4.14.7&#8243; _module_preset=\u00bbdefault\u00bb custom_padding=\u00bb|0px||20px|false|false\u00bb custom_padding_tablet=\u00bb|0px||0px|false|false\u00bb custom_padding_phone=\u00bb|0px||0px|false|false\u00bb custom_padding_last_edited=\u00bbon|phone\u00bb global_colors_info=\u00bb{}\u00bb][et_pb_button button_url=\u00bbhttps:\/\/www.sunon.cat\/les-probabilitats\/lleida\/\u00bb url_new_window=\u00bbon\u00bb button_text=\u00bbLLEIDA\u00bb _builder_version=\u00bb4.14.7&#8243; _module_preset=\u00bbdefault\u00bb custom_button=\u00bbon\u00bb button_text_color=\u00bb#FFFFFF\u00bb button_bg_color=\u00bb#60768E\u00bb button_border_width=\u00bb2px\u00bb button_border_color=\u00bb#FFFFFF\u00bb button_font=\u00bbMontserrat||||||||\u00bb button_use_icon=\u00bboff\u00bb hover_enabled=\u00bb0&#8243; global_colors_info=\u00bb{}\u00bb button_bg_enable_color=\u00bbon\u00bb button_border_radius=\u00bb50px\u00bb button_letter_spacing=\u00bb2px\u00bb sticky_enabled=\u00bb0&#8243;][\/et_pb_button][\/et_pb_column][et_pb_column type=\u00bb1_4&#8243; _builder_version=\u00bb4.14.7&#8243; _module_preset=\u00bbdefault\u00bb custom_padding=\u00bb|20px||0px|false|false\u00bb custom_padding_tablet=\u00bb|0px||0px|false|false\u00bb custom_padding_phone=\u00bb|0px||0px|false|false\u00bb custom_padding_last_edited=\u00bbon|phone\u00bb global_colors_info=\u00bb{}\u00bb][et_pb_button button_url=\u00bbhttps:\/\/www.sunon.cat\/les-probabilitats\/tarragona\/\u00bb url_new_window=\u00bbon\u00bb button_text=\u00bbTARRAGONA\u00bb _builder_version=\u00bb4.14.7&#8243; _module_preset=\u00bbdefault\u00bb custom_button=\u00bbon\u00bb button_text_color=\u00bb#FFFFFF\u00bb button_bg_color=\u00bb#60768E\u00bb button_border_width=\u00bb2px\u00bb button_border_color=\u00bb#FFFFFF\u00bb button_font=\u00bbMontserrat||||||||\u00bb button_use_icon=\u00bboff\u00bb hover_enabled=\u00bb0&#8243; global_colors_info=\u00bb{}\u00bb button_bg_enable_color=\u00bbon\u00bb button_border_radius=\u00bb50px\u00bb button_letter_spacing=\u00bb2px\u00bb sticky_enabled=\u00bb0&#8243;][\/et_pb_button][\/et_pb_column][\/et_pb_row][\/et_pb_section][et_pb_section fb_built=\u00bb1&#8243; prev_background_color=\u00bb#ffffff\u00bb _builder_version=\u00bb4.14.7&#8243; _module_preset=\u00bbdefault\u00bb background_color=\u00bbRGBA(255,255,255,0)\u00bb use_background_color_gradient=\u00bbon\u00bb background_color_gradient_start=\u00bbrgba(10,1,0,0.82)\u00bb background_color_gradient_end=\u00bb#ffffff\u00bb background_color_gradient_direction=\u00bb181deg\u00bb background_color_gradient_start_position=\u00bb26%\u00bb background_image=\u00bbhttps:\/\/www.sunon.cat\/wp-content\/uploads\/2022\/02\/nathan-dumlao-ewGMqs2tmJI-unsplash-1-scaled-1.jpg\u00bb background_blend=\u00bboverlay\u00bb top_divider_style=\u00bbarrow3&#8243; top_divider_height=\u00bb194px\u00bb global_colors_info=\u00bb{}\u00bb][et_pb_row custom_padding_last_edited=\u00bbon|phone\u00bb admin_label=\u00bbPeu participa\u00bb _builder_version=\u00bb4.14.7&#8243; _module_preset=\u00bbdefault\u00bb background_color=\u00bbRGBA(255,255,255,0)\u00bb background_color_gradient_start=\u00bb#000000&#8243; background_color_gradient_end=\u00bb#ffffff\u00bb background_color_gradient_direction=\u00bb177deg\u00bb background_enable_image=\u00bboff\u00bb transform_translate=\u00bb7px|76px\u00bb width=\u00bb100%\u00bb min_height=\u00bb400px\u00bb custom_margin=\u00bb||||false|false\u00bb custom_padding=\u00bb||80px||false|false\u00bb custom_padding_tablet=\u00bb||80px||false|false\u00bb custom_padding_phone=\u00bb||80px||false|false\u00bb global_colors_info=\u00bb{}\u00bb][et_pb_column type=\u00bb4_4&#8243; _builder_version=\u00bb4.9.10&#8243; _module_preset=\u00bbdefault\u00bb global_colors_info=\u00bb{}\u00bb][et_pb_text _builder_version=\u00bb4.14.7&#8243; _module_preset=\u00bbdefault\u00bb text_font=\u00bb||||||||\u00bb text_text_color=\u00bb#1A203C\u00bb header_3_font=\u00bbMontserrat|700|||||||\u00bb header_3_text_color=\u00bb#FFFFFF\u00bb header_3_font_size=\u00bb48px\u00bb header_3_line_height=\u00bb1.4em\u00bb header_4_font=\u00bbMontserrat|600|||||||\u00bb header_4_text_color=\u00bb#FFFFFF\u00bb header_4_font_size=\u00bb36px\u00bb header_4_line_height=\u00bb1.4em\u00bb header_5_font=\u00bbMontserrat|500|||||||\u00bb header_5_font_size=\u00bb14px\u00bb header_5_line_height=\u00bb1.4em\u00bb text_orientation=\u00bbcenter\u00bb custom_margin=\u00bb30px||80px||false|false\u00bb custom_padding=\u00bb|50px||50px|false|false\u00bb global_colors_info=\u00bb{}\u00bb]<\/p>\n<h4>Desde el campo de Design Futures iniciamos un di\u00e1logo entre Nuestro Presente y el Futuro que Queremos.<\/h4>\n<p>[\/et_pb_text][et_pb_button button_url=\u00bbhttps:\/\/www.sunon.cat\/es\/participacion\/\u00bb button_text=\u00bbPARTICIPA\u00bb button_alignment=\u00bbcenter\u00bb admin_label=\u00bbBoto-Participa\u00bb _builder_version=\u00bb4.14.7&#8243; _module_preset=\u00bb4449fc3b-b2e1-457d-bd50-c55d5be30f46&#8243; custom_button=\u00bbon\u00bb button_text_size=\u00bb14px\u00bb button_text_color=\u00bb#FFFFFF\u00bb button_bg_color=\u00bb#0194A8&#8243; button_border_width=\u00bb0.1px\u00bb button_border_color=\u00bb#FFFFFF\u00bb button_border_radius=\u00bb50px\u00bb button_letter_spacing=\u00bb2px\u00bb button_font=\u00bbMontserrat|700|||||||\u00bb button_use_icon=\u00bboff\u00bb transform_translate_linked=\u00bboff\u00bb custom_margin=\u00bb||||false|false\u00bb custom_padding=\u00bb16px|40px|16px|40px|true|true\u00bb saved_tabs=\u00bball\u00bb global_colors_info=\u00bb{}\u00bb][\/et_pb_button][\/et_pb_column][\/et_pb_row][\/et_pb_section]<\/p>\n","protected":false},"excerpt":{"rendered":"<p>Hay 947 municipios en Catalu\u00f1a, algunos con mucha densidad de poblaci\u00f3n, otros con menos. Las personas empadronadas tienen voz a la hora de votar sus Ayuntamientos, pero el valor e impacto de esta voz no es el mismo en poblaciones muy densas que en poblaciones menos densas. Tambi\u00e9n hay que a\u00f1adir, como a variante no [&hellip;]<\/p>\n","protected":false},"author":1,"featured_media":0,"parent":0,"menu_order":4,"comment_status":"closed","ping_status":"closed","template":"","meta":{"_acf_changed":false,"_et_pb_use_builder":"on","_et_pb_old_content":"<p>[et_pb_section fb_built=\"1\" disabled_on=\"off|off|off\" admin_label=\"Motius\" _builder_version=\"4.14.7\" _module_preset=\"default\" background_color=\"#0194A8\" background_enable_image=\"off\" background_size=\"contain\" positioning=\"none\" overflow-x=\"visible\" custom_padding=\"80px||80px||false|false\" top_divider_color=\"#0194A8\" hover_enabled=\"0\" collapsed=\"off\" global_colors_info=\"{}\" custom_padding_last_edited=\"on|phone\" sticky_enabled=\"0\" custom_padding_tablet=\"||90px||false|false\" custom_padding_phone=\"||70px||false|false\"][et_pb_row column_structure=\"1_2,1_2\" make_equal=\"on\" _builder_version=\"4.14.7\" _module_preset=\"default\" custom_margin=\"-20px||-100px||false|false\" hover_enabled=\"0\" global_colors_info=\"{}\" custom_margin_last_edited=\"on|phone\" sticky_enabled=\"0\" custom_margin_tablet=\"||-100px||false|false\" custom_margin_phone=\"-40px||||false|false\"][et_pb_column type=\"1_2\" _builder_version=\"4.14.7\" _module_preset=\"default\" global_colors_info=\"{}\"][et_pb_cta title=\"LA TEVA VEU AL TEU MUNICIPI\" admin_label=\"CTA-Accessibilitat idea\" _builder_version=\"4.14.7\" _module_preset=\"default\" header_font=\"Montserrat||||||||\" header_text_align=\"left\" header_font_size=\"56px\" header_line_height=\"1.4em\" background_enable_color=\"off\" transform_translate=\"-37px|-65px\" hover_enabled=\"0\" header_font_size_tablet=\"46px\" header_font_size_phone=\"26px\" header_font_size_last_edited=\"on|phone\" global_colors_info=\"{}\" custom_margin=\"||-100px||false|false\" sticky_enabled=\"0\" body_font_size_last_edited=\"on|phone\" body_font_size_phone=\"16px\"][\/et_pb_cta][\/et_pb_column][et_pb_column type=\"1_2\" _builder_version=\"4.14.7\" _module_preset=\"default\" custom_padding=\"50px||||false|false\" global_colors_info=\"{}\"][et_pb_text admin_label=\"Text Intro\" _builder_version=\"4.14.7\" _module_preset=\"da86b6f0-f83c-4c7c-bdd8-3019777ddffe\" text_font=\"Montserrat||||||||\" text_text_color=\"#FFFFFF\" text_font_size=\"18px\" text_line_height=\"1.6em\" background_color=\"RGBA(0,0,0,0)\" transform_translate=\"4px|-60px\" module_alignment=\"center\" hover_enabled=\"0\" text_font_size_tablet=\"15px\" text_font_size_phone=\"14px\" text_font_size_last_edited=\"on|desktop\" locked=\"off\" global_colors_info=\"{}\" custom_margin=\"0px||||false|false\" custom_margin_last_edited=\"on|phone\" sticky_enabled=\"0\" custom_margin_tablet=\"-20px||||false|false\" custom_margin_phone=\"-20px||||false|false\"]<\/p><p>Hi ha 947 municipis a Catalunya, alguns amb molta densitat de poblaci\u00f3, altres amb menys. Les persones empadronades tenen veu alhora de votar els seus Ajuntaments, per\u00f2 el valor i impacte d'aquesta veu no \u00e9s el mateix en poblacions molt denses que en poblacions menys denses. Tamb\u00e9 cal afegir com a variant no mesurable a dies d'avui, les ganes que un Ajuntament tingui de servir als seus ciutadans. Aix\u00ed doncs,<strong> quin valor t\u00e9 la teva Veu al teu Municipi?<\/strong><\/p><p>[\/et_pb_text][\/et_pb_column][\/et_pb_row][\/et_pb_section][et_pb_section fb_built=\"1\" _builder_version=\"4.14.7\" _module_preset=\"default\" global_colors_info=\"{}\"][et_pb_row use_custom_gutter=\"on\" gutter_width=\"2\" _builder_version=\"4.14.7\" _module_preset=\"default\" custom_margin=\"-20px|40px||120px|false|false\" custom_padding=\"|||0px||\" hover_enabled=\"0\" global_colors_info=\"{}\" custom_margin_last_edited=\"on|phone\" custom_margin_tablet=\"-20px||||false|false\" sticky_enabled=\"0\" custom_margin_phone=\"-20px||||false|false\"][et_pb_column type=\"4_4\" _builder_version=\"4.14.7\" _module_preset=\"default\" global_colors_info=\"{}\"][et_pb_text _builder_version=\"4.14.7\" _module_preset=\"default\" header_font=\"Montserrat|700|||||||\" header_text_color=\"#FFDD85\" global_colors_info=\"{}\"]<\/p><h1>LOTERIA<\/h1><p>[\/et_pb_text][\/et_pb_column][\/et_pb_row][et_pb_row column_structure=\"1_2,1_2\" _builder_version=\"4.14.7\" _module_preset=\"default\" border_color_all=\"#0194A8\" border_width_bottom=\"1px\" global_colors_info=\"{}\"][et_pb_column type=\"1_2\" _builder_version=\"4.14.7\" _module_preset=\"default\" global_colors_info=\"{}\"][et_pb_circle_counter title=\"POSSIBILITAT DE QUE ET TOQUI LA LOTERIA ORDINARIA: 1 DE CADA 100.000\" number=\"0.001\" bar_bg_color=\"#4A55A2\" _builder_version=\"4.14.7\" _module_preset=\"default\" title_font=\"Montserrat||||||||\" title_text_color=\"#1A203C\" global_colors_info=\"{}\"][\/et_pb_circle_counter][\/et_pb_column][et_pb_column type=\"1_2\" _builder_version=\"4.14.7\" _module_preset=\"default\" global_colors_info=\"{}\"][et_pb_circle_counter title=\"POSSIBILITAT DE QUE ET TOQUI LA LOTERIA DE NADAL: 1 DE CADA 85.000\" number=\"0.00117\" bar_bg_color=\"#4A55A2\" _builder_version=\"4.14.7\" _module_preset=\"default\" title_font=\"Montserrat||||||||\" title_text_color=\"#1A203C\" global_colors_info=\"{}\"][\/et_pb_circle_counter][\/et_pb_column][\/et_pb_row][et_pb_row column_structure=\"1_4,1_4,1_4,1_4\" _builder_version=\"4.14.7\" _module_preset=\"default\" custom_padding=\"70px||||false|false\" hover_enabled=\"0\" global_colors_info=\"{}\" sticky_enabled=\"0\"][et_pb_column type=\"1_4\" _builder_version=\"4.14.7\" _module_preset=\"default\" hover_enabled=\"0\" global_colors_info=\"{}\" sticky_enabled=\"0\" custom_padding=\"|20px||20px|false|false\" custom_padding_last_edited=\"on|phone\" custom_padding_tablet=\"|0px||0px|false|false\" custom_padding_phone=\"|0px||0px|false|false\"][et_pb_button button_url=\"https:\/\/www.sunon.cat\/les-probabilitats\/barcelona\/\" url_new_window=\"on\" button_text=\"BARCELONA\" _builder_version=\"4.14.7\" _module_preset=\"default\" custom_button=\"on\" button_text_color=\"#FFFFFF\" button_bg_color=\"#F4A571\" button_border_width=\"0px\" button_border_color=\"#FFFFFF\" button_font=\"Montserrat||||||||\" global_colors_info=\"{}\"][\/et_pb_button][\/et_pb_column][et_pb_column type=\"1_4\" _builder_version=\"4.14.7\" _module_preset=\"default\" hover_enabled=\"0\" global_colors_info=\"{}\" custom_padding=\"|10px||40px|false|false\" sticky_enabled=\"0\" custom_padding_last_edited=\"on|phone\" custom_padding_tablet=\"|0px||0px|false|false\" custom_padding_phone=\"|0px||0px|false|false\"][et_pb_button button_url=\"https:\/\/www.sunon.cat\/les-probabilitats\/girona\/\" url_new_window=\"on\" button_text=\"GIRONA\" _builder_version=\"4.14.7\" _module_preset=\"default\" custom_button=\"on\" button_text_color=\"#FFFFFF\" button_bg_color=\"#F4A571\" button_border_width=\"0px\" button_border_color=\"#FFFFFF\" button_font=\"Montserrat||||||||\" global_colors_info=\"{}\"][\/et_pb_button][\/et_pb_column][et_pb_column type=\"1_4\" _builder_version=\"4.14.7\" _module_preset=\"default\" hover_enabled=\"0\" global_colors_info=\"{}\" custom_padding=\"|0px||20px|false|false\" sticky_enabled=\"0\" custom_padding_last_edited=\"on|phone\" custom_padding_tablet=\"|0px||0px|false|false\" custom_padding_phone=\"|0px||0px|false|false\"][et_pb_button button_url=\"https:\/\/www.sunon.cat\/les-probabilitats\/lleida\/\" url_new_window=\"on\" button_text=\"LLEIDA\" _builder_version=\"4.14.7\" _module_preset=\"default\" custom_button=\"on\" button_text_color=\"#FFFFFF\" button_bg_color=\"#F4A571\" button_border_width=\"0px\" button_border_color=\"#FFFFFF\" button_font=\"Montserrat||||||||\" global_colors_info=\"{}\"][\/et_pb_button][\/et_pb_column][et_pb_column type=\"1_4\" _builder_version=\"4.14.7\" _module_preset=\"default\" hover_enabled=\"0\" global_colors_info=\"{}\" custom_padding=\"|20px||0px|false|false\" sticky_enabled=\"0\" custom_padding_last_edited=\"on|phone\" custom_padding_tablet=\"|0px||0px|false|false\" custom_padding_phone=\"|0px||0px|false|false\"][et_pb_button button_url=\"https:\/\/www.sunon.cat\/les-probabilitats\/tarragona\/\" url_new_window=\"on\" button_text=\"TARRAGONA\" _builder_version=\"4.14.7\" _module_preset=\"default\" custom_button=\"on\" button_text_color=\"#FFFFFF\" button_bg_color=\"#F4A571\" button_border_width=\"0px\" button_border_color=\"#FFFFFF\" button_font=\"Montserrat||||||||\" global_colors_info=\"{}\"][\/et_pb_button][\/et_pb_column][\/et_pb_row][\/et_pb_section][et_pb_section fb_built=\"1\" prev_background_color=\"#ffffff\" _builder_version=\"4.14.7\" _module_preset=\"default\" background_color=\"RGBA(255,255,255,0)\" use_background_color_gradient=\"on\" background_color_gradient_start=\"rgba(10,1,0,0.82)\" background_color_gradient_end=\"#ffffff\" background_color_gradient_direction=\"181deg\" background_color_gradient_start_position=\"26%\" background_image=\"https:\/\/www.sunon.cat\/wp-content\/uploads\/2022\/02\/nathan-dumlao-ewGMqs2tmJI-unsplash-1-scaled-1.jpg\" background_blend=\"overlay\" top_divider_style=\"arrow3\" top_divider_height=\"194px\" global_colors_info=\"{}\"][et_pb_row admin_label=\"Peu participa\" _builder_version=\"4.14.7\" _module_preset=\"default\" background_color=\"RGBA(255,255,255,0)\" background_color_gradient_start=\"#000000\" background_color_gradient_end=\"#ffffff\" background_color_gradient_direction=\"177deg\" background_enable_image=\"off\" transform_translate=\"7px|76px\" width=\"100%\" min_height=\"400px\" custom_margin=\"||||false|false\" custom_padding=\"||80px||false|false\" hover_enabled=\"0\" global_colors_info=\"{}\" custom_padding_last_edited=\"on|phone\" sticky_enabled=\"0\" custom_padding_tablet=\"||80px||false|false\" custom_padding_phone=\"||80px||false|false\"][et_pb_column type=\"4_4\" _builder_version=\"4.9.10\" _module_preset=\"default\" global_colors_info=\"{}\"][et_pb_text _builder_version=\"4.14.7\" _module_preset=\"default\" text_font=\"||||||||\" text_text_color=\"#1A203C\" header_3_font=\"Montserrat|700|||||||\" header_3_text_color=\"#FFFFFF\" header_3_font_size=\"48px\" header_3_line_height=\"1.4em\" header_4_font=\"Montserrat|600|||||||\" header_4_text_color=\"#FFFFFF\" header_4_font_size=\"36px\" header_4_line_height=\"1.4em\" header_5_font=\"Montserrat|500|||||||\" header_5_font_size=\"14px\" header_5_line_height=\"1.4em\" text_orientation=\"center\" custom_margin=\"30px||80px||false|false\" custom_padding=\"|50px||50px|false|false\" global_colors_info=\"{}\"]<\/p><h4>Des del camp de Design Futures iniciem un di\u00e0leg entre el Nostre Present i el Futur que Volem.<\/h4><p>[\/et_pb_text][et_pb_button button_url=\"\/wordpress_sunon\/participa\" button_text=\"PARTICIPA\" button_alignment=\"center\" admin_label=\"Boto-Participa\" _builder_version=\"4.14.7\" _module_preset=\"4449fc3b-b2e1-457d-bd50-c55d5be30f46\" custom_button=\"on\" button_text_size=\"14px\" button_text_color=\"#FFFFFF\" button_bg_color=\"#0194A8\" button_border_width=\"0.1px\" button_border_color=\"#FFFFFF\" button_border_radius=\"50px\" button_letter_spacing=\"2px\" button_font=\"Montserrat|700|||||||\" button_use_icon=\"off\" transform_translate_linked=\"off\" custom_padding=\"16px|40px|16px|40px|true|true\" hover_enabled=\"0\" saved_tabs=\"all\" global_colors_info=\"{}\" custom_margin=\"||||false|false\" sticky_enabled=\"0\"][\/et_pb_button][\/et_pb_column][\/et_pb_row][\/et_pb_section]<\/p>","_et_gb_content_width":"","footnotes":""},"class_list":["post-3092","page","type-page","status-publish","hentry"],"acf":[],"_links":{"self":[{"href":"https:\/\/www.sunon.cat\/es\/wp-json\/wp\/v2\/pages\/3092","targetHints":{"allow":["GET"]}}],"collection":[{"href":"https:\/\/www.sunon.cat\/es\/wp-json\/wp\/v2\/pages"}],"about":[{"href":"https:\/\/www.sunon.cat\/es\/wp-json\/wp\/v2\/types\/page"}],"author":[{"embeddable":true,"href":"https:\/\/www.sunon.cat\/es\/wp-json\/wp\/v2\/users\/1"}],"replies":[{"embeddable":true,"href":"https:\/\/www.sunon.cat\/es\/wp-json\/wp\/v2\/comments?post=3092"}],"version-history":[{"count":11,"href":"https:\/\/www.sunon.cat\/es\/wp-json\/wp\/v2\/pages\/3092\/revisions"}],"predecessor-version":[{"id":7246,"href":"https:\/\/www.sunon.cat\/es\/wp-json\/wp\/v2\/pages\/3092\/revisions\/7246"}],"wp:attachment":[{"href":"https:\/\/www.sunon.cat\/es\/wp-json\/wp\/v2\/media?parent=3092"}],"curies":[{"name":"wp","href":"https:\/\/api.w.org\/{rel}","templated":true}]}}